{"id":1414,"date":"2026-01-21T14:07:36","date_gmt":"2026-01-21T14:07:36","guid":{"rendered":"https:\/\/theluckycapone.org\/app-2\/"},"modified":"2026-01-23T13:54:33","modified_gmt":"2026-01-23T13:54:33","slug":"app","status":"publish","type":"page","link":"https:\/\/theluckycapone.org\/de\/app\/","title":{"rendered":"App"},"content":{"rendered":"<h1>Luckycapone App: Mobiles Casino-Erlebnis<\/h1>\n<p>Die Luckycapone App bietet Spielern ein vollst\u00e4ndiges mobiles Casino-Erlebnis. Online-Slots und Tischspiele sind weltweit verf\u00fcgbar. Die App erm\u00f6glicht ein einfaches und sicheres Spielen und basiert auf moderner Technologie. Spieler k\u00f6nnen ihre Lieblingsspiele \u00fcberall und auf jedem Ger\u00e4t genie\u00dfen, ohne dass Qualit\u00e4t oder Leistung beeintr\u00e4chtigt werden.<\/p>\n<div class=\"banner-wrap\" aria-label=\"Banner\"><img src=\"https:\/\/theluckycapone.org\/wp-content\/uploads\/2026\/01\/Luckycapone-banner.webp\" class=\"w-100 d-none d-lg-block img-pc main-banner-img\" alt=\"Luckycapone banner\" fetchpriority=\"high\" decoding=\"async\"><img src=\"https:\/\/theluckycapone.org\/wp-content\/uploads\/2026\/01\/Mobile-banner.webp\" class=\"w-100 d-none d-md-block d-lg-none main-banner-img\" alt=\"Mobile banner\" fetchpriority=\"high\" decoding=\"async\"><img src=\"https:\/\/theluckycapone.org\/wp-content\/uploads\/2026\/01\/Mobile-banner.webp\" class=\"w-100 d-md-none\" alt=\"Mobile banner\" fetchpriority=\"high\" decoding=\"async\"><div class=\"banner-description\">\n<div class=\"banner-title\">Willkommensboni<\/div>\n<p class=\"banner-header-title\">1500 \u20ac<\/p>\n<div class=\"banner-header-AdditionalText\">+ 250 Freispiele<\/div>\n<button data-item=\"homepage_banner_link\" class=\"goto m-button m-gradient-border m-button--primary m-button--large banner-button btn-orange\">\n            <div class=\"m-button-content\">\n                <span>Jetzt anmelden<\/span>\n                <span><\/span>\n            <\/div>\n        <\/button>\n<\/div>\n<div class=\"WelcomePack\">\n<p><img loading=\"lazy\" decoding=\"async\" class=\"alignnone size-full wp-image-1335\" src=\"https:\/\/theluckycapone.org\/wp-content\/uploads\/2026\/01\/welcome-crown.png\" alt=\"welcome crown\" width=\"25\" height=\"26\" \/><\/p>\n<div class=\"WelcomePack-Info\">W\u00f6chentlicher Cashback von bis zu 25 %<\/div>\n<p><img loading=\"lazy\" decoding=\"async\" class=\"alignnone size-full wp-image-1335\" src=\"https:\/\/theluckycapone.org\/wp-content\/uploads\/2026\/01\/welcome-crown.png\" alt=\"welcome crown\" width=\"25\" height=\"26\" \/><\/p>\n<\/div>\n<\/div>\n<h2>Luckycapone Mobile Plattform<\/h2>\n<p>Die Luckycapone App bietet ein hochwertiges mobiles Spielerlebnis mit schneller Leistung, starker Sicherheit und intuitivem Design. Die mobil optimierte Oberfl\u00e4che verbessert Ladezeiten, Grafik und Spielablauf im Vergleich zum Browser. Spieler k\u00f6nnen schnell auf Ein- und Auszahlungen, Promotionen und den Kundensupport zugreifen, was unterbrechungsfreies Spielen erm\u00f6glicht.<\/p>\n<p>Das leistungsstarke Framework der App sorgt f\u00fcr weniger Verz\u00f6gerungen und hohe Sicherheit, sodass Spieler beruhigt Transaktionen durchf\u00fchren und Spiele genie\u00dfen k\u00f6nnen. Luckycapone Casino f\u00fcgt kontinuierlich neue Funktionen hinzu und schlie\u00dft Sicherheitsl\u00fccken, um ein aktuelles, hochwertiges mobiles Spielerlebnis zu garantieren.<\/p>\n<p><div class=\"scrollable-content-wrap my-5\"><div class=\"scrollable-content-inner\"><h2>Luckycapone Casino Mobile App f\u00fcr Android<\/h2>\n<p>Die Android-Version der Luckycapone App wurde entwickelt, um ein hochwertiges Spielerlebnis mit minimalen Downloads zu bieten. Sie nutzt eine Progressive Web Application (PWA), mit der Spieler das Casino in wenigen Minuten \u00fcber die offizielle Website installieren k\u00f6nnen.<\/p>\n<h3>APK<\/h3>\n<p>APK-Dateien waren fr\u00fcher die g\u00e4ngigste Methode, mobile Casino-Software zu installieren, doch PWAs haben diese weniger relevant gemacht. APKs m\u00fcssen manuell heruntergeladen und aktualisiert werden, was weniger sicher und aufw\u00e4ndig sein kann. Mit der Luckycapone Android App (PWA) k\u00f6nnen Spieler immer die aktuellste Version des mobilen Casinos nutzen, ohne manuelle Updates durchf\u00fchren zu m\u00fcssen. Dies gew\u00e4hrleistet Sicherheit und reibungslosen Betrieb.<\/p>\n<h3>PWA<\/h3>\n<p>Die Luckycapone Android PWA ist einfach zu installieren und auf jedem Ger\u00e4t nutzbar. Spieler finden die Option \u201eCasino App\u201c auf der Hauptseite, folgen den einfachen Schritten und f\u00fcgen die App dem Startbildschirm hinzu. Das App-Symbol befindet sich im Men\u00fc, sodass der Zugriff auf die gesamte Spielesammlung und Kontoverwaltungstools leicht m\u00f6glich ist.<\/p>\n<p>Die Luckycapone App funktioniert auf allen Plattformen, einschlie\u00dflich Smartphones und Tablets. Sie verf\u00fcgt \u00fcber eine touchfreundliche Benutzeroberfl\u00e4che, die sich jeder Bildschirmgr\u00f6\u00dfe anpasst und ein fl\u00fcssiges, reaktionsschnelles Erlebnis bietet, \u00e4hnlich wie native Apps.<\/p>\n<p><img loading=\"lazy\" decoding=\"async\" src=\"https:\/\/theluckycapone.org\/wp-content\/uploads\/2026\/01\/Luckycapone-Android.webp\" alt=\"Luckycapone Android\" width=\"1248\" height=\"536\" \/><\/p>\n<\/div><\/div><div style=\"clear: both\"><\/div><div class=\"d-flex justify-content-center\"><button data-item=\"decouvrez_link\" data-group=\"website_links\" class=\"goto fw-bold rounded-pill btn btn-orange\" aria-label=\"Laden Sie die Luckycapone-App herunter\" >Laden Sie die Luckycapone-App herunter<\/button><\/div><div class=\"scrollable-content-wrap my-5\"><div class=\"scrollable-content-inner\"><h2>Luckycapone Mobile App f\u00fcr iOS<\/h2>\n<p>Die webbasierte PWA von Luckycapone, vollst\u00e4ndig f\u00fcr Safari optimiert, erm\u00f6glicht iOS-Nutzern dasselbe Spielerlebnis. Zur Installation gehen Sie einfach auf die Hauptseite des Casinos, klicken auf \u201eInstallieren\u201c und f\u00fcgen die App dem Startbildschirm hinzu. So entsteht eine sichere und leichte Umgebung, die den Apple-Richtlinien entspricht.<br \/>\nDie iOS-Version hat ein einfaches Layout mit gr\u00f6\u00dferen Schaltfl\u00e4chen und Wischgesten, die die Navigation erleichtern. Spieler erhalten Push-Benachrichtigungen zu Boni, neuen Spielen und Sonderaktionen.<\/p>\n<p>Vorteile der Luckycapone PWA:<\/p>\n<ul>\n<li>Vollst\u00e4ndige Sicherheit, kein Herunterladen zus\u00e4tzlicher Dateien erforderlich<\/li>\n<li>Keine APK-Suche notwendig<\/li>\n<li>Keine Einschr\u00e4nkungen durch Google Play oder App Store<\/li>\n<li>Minimaler Einfluss auf die Akkulaufzeit des Ger\u00e4ts<\/li>\n<\/ul>\n<p><img loading=\"lazy\" decoding=\"async\" src=\"https:\/\/theluckycapone.org\/wp-content\/uploads\/2026\/01\/Luckycapone-iOS.webp\" alt=\"Luckycapone iOS\" width=\"1248\" height=\"536\" \/><\/p>\n<\/div><\/div><div style=\"clear: both\"><\/div><div class=\"d-flex justify-content-center\"><button data-item=\"decouvrez_link\" data-group=\"website_links\" class=\"goto fw-bold rounded-pill btn btn-orange\" aria-label=\"Luckycapone herunterladen\" >Luckycapone herunterladen<\/button><\/div><div class=\"scrollable-content-wrap my-5\"><div class=\"scrollable-content-inner\"><h2>Windows- &amp; macOS-App-Downloads<\/h2>\n<p>Luckycapone bietet Desktop-Software f\u00fcr Spieler, die lieber auf ihrem Computer spielen. Die Software ist sowohl mit Windows als auch macOS kompatibel. Die Desktop-Version verf\u00fcgt \u00fcber eine verbesserte Benutzeroberfl\u00e4che, bessere Grafiken und Soundqualit\u00e4t und ist auf schnelle sowie zuverl\u00e4ssige Leistung ausgelegt. Sie enth\u00e4lt alle wichtigen Funktionen, einschlie\u00dflich Kundensupport und Kontoverifizierung.<\/p>\n<p>Spieler k\u00f6nnen au\u00dferdem \u00fcber Google Chrome, Mozilla Firefox, Safari und Microsoft Edge auf Luckycapone Casino zugreifen. Diese Flexibilit\u00e4t erm\u00f6glicht dasselbe Spielerlebnis auf Desktops und Laptops.<\/p>\n<table>\n<tbody>\n<tr>\n<td>Vorteile<\/td>\n<td>Nachteile<\/td>\n<\/tr>\n<tr>\n<td>Direkter Start \u00fcber den Browser ohne Installation, schneller Zugriff auf die Spielbibliothek<\/td>\n<td>Internetverbindung erforderlich; kein vollst\u00e4ndiges Offline-Spiel m\u00f6glich<\/td>\n<\/tr>\n<tr>\n<td>Installation \u00fcber die Website dauert weniger als drei Minuten; keine gro\u00dfen Dateien oder App-Stores erforderlich<\/td>\n<td>Leistung und Stabilit\u00e4t h\u00e4ngen vom Browser ab; manche Browser unterst\u00fctzen nicht alle PWA-Funktionen vollst\u00e4ndig<\/td>\n<\/tr>\n<tr>\n<td>Immer die neueste Version ohne manuelle Updates, gew\u00e4hrleistet Sicherheit und Zugriff auf neue Funktionen<\/td>\n<td>Push-Benachrichtigungen k\u00f6nnen auf bestimmten Browsern oder Ger\u00e4ten eingeschr\u00e4nkt sein<\/td>\n<\/tr>\n<tr>\n<td>L\u00e4uft fl\u00fcssig auf verschiedenen Ger\u00e4ten und Betriebssystemen, einschlie\u00dflich Android und iOS \u00fcber Safari<\/td>\n<td>Leistung kann je nach Browser und Ger\u00e4t variieren und weniger fl\u00fcssig sein als bei nativen Apps<\/td>\n<\/tr>\n<tr>\n<td>Beansprucht weniger Speicherplatz als native Apps<\/td>\n<td><\/td>\n<\/tr>\n<tr>\n<td>Profitiert von Browser-Sicherheitsprotokollen und regelm\u00e4\u00dfigen Updates, wodurch Sicherheitsrisiken reduziert werden<\/td>\n<td><\/td>\n<\/tr>\n<\/tbody>\n<\/table>\n<p><img loading=\"lazy\" decoding=\"async\" src=\"https:\/\/theluckycapone.org\/wp-content\/uploads\/2026\/01\/Luckycapone-Desktop.webp\" alt=\"Luckycapone Desktop\" width=\"1248\" height=\"536\" \/><\/p>\n<\/div><\/div><div style=\"clear: both\"><\/div><div class=\"d-flex justify-content-center\"><button data-item=\"decouvrez_link\" data-group=\"website_links\" class=\"goto fw-bold rounded-pill btn btn-orange\" aria-label=\"Laden Sie die Luckycapone-App herunter\" >Laden Sie die Luckycapone-App herunter<\/button><\/div><div class=\"scrollable-content-wrap my-5\"><div class=\"scrollable-content-inner\"><h2>FAQ<\/h2>\n<h3>Bietet die Luckycapone Casino-App Kundensupport?<\/h3>\n<p>Luckycapone Casino stellt vollst\u00e4ndigen Kundensupport \u00fcber den Live-Chat bereit, der sowohl in der App als auch auf der offiziellen Website zug\u00e4nglich ist. Das Support-Team ist rund um die Uhr verf\u00fcgbar, um bei technischen Problemen, Kontoverifizierung und anderen Anfragen zu helfen und so ein reibungsloses Spielerlebnis zu gew\u00e4hrleisten.<\/p>\n<h3>Ist die Erstellung eines Kontos erforderlich, um die Luckycapone-App zu nutzen?<\/h3>\n<p>Um auf alle Funktionen, einschlie\u00dflich Ein- und Auszahlungen sowie Spielhistorie, zuzugreifen, m\u00fcssen Spieler ein Konto erstellen. Es steht auch eine Demo-Version zum \u00dcben zur Verf\u00fcgung. Registrierung und Verifizierung erfolgen schnell und sicher, sch\u00fctzen die Spielerinformationen und erm\u00f6glichen gleichzeitig einen bequemen Zugriff auf alle Casinodienste.<\/p>\n<h3>Sind alle Spiele in der Luckycapone-App verf\u00fcgbar?<\/h3>\n<p>Die meisten Online-Slots und Casinospiele, die bei Luckycapone verf\u00fcgbar sind, k\u00f6nnen \u00fcber die App gespielt werden. Einige Funktionen oder Spiele sind m\u00f6glicherweise nur in der Desktop- oder Webversion verf\u00fcgbar, doch die mobile App bietet den meisten Spielern eine umfassende Spielbibliothek.<\/p>\n<h3>Wie kann ich die Luckycapone Casino-App aktualisieren?<\/h3>\n<p>Die Luckycapone-App wird automatisch \u00fcber das PWA-System aktualisiert, sodass keine manuellen Updates erforderlich sind. Der Zugriff \u00fcber den Browser oder das installierte App-Symbol stellt immer die neueste Version mit neuen Funktionen und Sicherheitsverbesserungen bereit. Auch Updates der Desktop-Software werden automatisch von Luckycapone Casino durchgef\u00fchrt.<\/p>\n<\/div><\/div><\/p>\n","protected":false},"excerpt":{"rendered":"<p>Luckycapone App: Mobiles Casino-Erlebnis Die Luckycapone App bietet Spielern ein vollst\u00e4ndiges mobiles Casino-Erlebnis. Online-Slots und Tischspiele sind weltweit verf\u00fcgbar. Die App erm\u00f6glicht ein einfaches und sicheres Spielen und basiert auf moderner Technologie. Spieler k\u00f6nnen ihre Lieblingsspiele \u00fcberall und auf jedem Ger\u00e4t genie\u00dfen, ohne dass Qualit\u00e4t oder Leistung beeintr\u00e4chtigt werden. Luckycapone Mobile Plattform Die Luckycapone App [&hellip;]<\/p>\n","protected":false},"author":1,"featured_media":0,"parent":0,"menu_order":0,"comment_status":"closed","ping_status":"closed","template":"template-builder.php","meta":{"_acf_changed":false,"inline_featured_image":false,"footnotes":""},"class_list":["post-1414","page","type-page","status-publish","hentry"],"acf":[],"yoast_head":"<!-- This site is optimized with the Yoast SEO plugin v27.3 - https:\/\/yoast.com\/product\/yoast-seo-wordpress\/ -->\n<title>Luckycapone App herunterladen | iOS &amp; Android<\/title>\n<meta name=\"description\" content=\"Die Luckycapone-App sorgt f\u00fcr einwandfreies Gaming auf Android-, iOS-, Windows- und macOS-Plattformen, komplett mit Kontosynchronisierung, regelm\u00e4\u00dfigen Updates und integrierter Kundenbetreuung f\u00fcr eine einfache Nutzung.\" \/>\n<meta name=\"robots\" content=\"index, follow, max-snippet:-1, max-image-preview:large, max-video-preview:-1\" \/>\n<link rel=\"canonical\" href=\"https:\/\/theluckycapone.org\/de\/app\/\" \/>\n<meta property=\"og:locale\" content=\"de_DE\" \/>\n<meta property=\"og:type\" content=\"article\" \/>\n<meta property=\"og:title\" content=\"Luckycapone App herunterladen | iOS &amp; Android\" \/>\n<meta property=\"og:description\" content=\"Die Luckycapone-App sorgt f\u00fcr einwandfreies Gaming auf Android-, iOS-, Windows- und macOS-Plattformen, komplett mit Kontosynchronisierung, regelm\u00e4\u00dfigen Updates und integrierter Kundenbetreuung f\u00fcr eine einfache Nutzung.\" \/>\n<meta property=\"og:url\" content=\"https:\/\/theluckycapone.org\/de\/app\/\" \/>\n<meta property=\"og:site_name\" content=\"luckycapone\" \/>\n<meta property=\"article:modified_time\" content=\"2026-01-23T13:54:33+00:00\" \/>\n<meta name=\"twitter:card\" content=\"summary_large_image\" \/>\n<meta name=\"twitter:label1\" content=\"Gesch\u00e4tzte Lesezeit\" \/>\n\t<meta name=\"twitter:data1\" content=\"1\u00a0Minute\" \/>\n<script type=\"application\/ld+json\" class=\"yoast-schema-graph\">{\"@context\":\"https:\\\/\\\/schema.org\",\"@graph\":[{\"@type\":\"WebPage\",\"@id\":\"https:\\\/\\\/theluckycapone.org\\\/de\\\/app\\\/\",\"url\":\"https:\\\/\\\/theluckycapone.org\\\/de\\\/app\\\/\",\"name\":\"Luckycapone App herunterladen | iOS & Android\",\"isPartOf\":{\"@id\":\"https:\\\/\\\/theluckycapone.org\\\/de\\\/#website\"},\"datePublished\":\"2026-01-21T14:07:36+00:00\",\"dateModified\":\"2026-01-23T13:54:33+00:00\",\"description\":\"Die Luckycapone-App sorgt f\u00fcr einwandfreies Gaming auf Android-, iOS-, Windows- und macOS-Plattformen, komplett mit Kontosynchronisierung, regelm\u00e4\u00dfigen Updates und integrierter Kundenbetreuung f\u00fcr eine einfache Nutzung.\",\"breadcrumb\":{\"@id\":\"https:\\\/\\\/theluckycapone.org\\\/de\\\/app\\\/#breadcrumb\"},\"inLanguage\":\"de\",\"potentialAction\":[{\"@type\":\"ReadAction\",\"target\":[\"https:\\\/\\\/theluckycapone.org\\\/de\\\/app\\\/\"]}]},{\"@type\":\"BreadcrumbList\",\"@id\":\"https:\\\/\\\/theluckycapone.org\\\/de\\\/app\\\/#breadcrumb\",\"itemListElement\":[{\"@type\":\"ListItem\",\"position\":1,\"name\":\"Luckycapone\",\"item\":\"https:\\\/\\\/theluckycapone.org\\\/de\\\/\"},{\"@type\":\"ListItem\",\"position\":2,\"name\":\"App\"}]},{\"@type\":\"WebSite\",\"@id\":\"https:\\\/\\\/theluckycapone.org\\\/de\\\/#website\",\"url\":\"https:\\\/\\\/theluckycapone.org\\\/de\\\/\",\"name\":\"Luckycapone\",\"description\":\"\",\"publisher\":{\"@id\":\"https:\\\/\\\/theluckycapone.org\\\/de\\\/#organization\"},\"potentialAction\":[{\"@type\":\"SearchAction\",\"target\":{\"@type\":\"EntryPoint\",\"urlTemplate\":\"https:\\\/\\\/theluckycapone.org\\\/de\\\/?s={search_term_string}\"},\"query-input\":{\"@type\":\"PropertyValueSpecification\",\"valueRequired\":true,\"valueName\":\"search_term_string\"}}],\"inLanguage\":\"de\"},{\"@type\":\"Organization\",\"@id\":\"https:\\\/\\\/theluckycapone.org\\\/de\\\/#organization\",\"name\":\"Luckycapone\",\"url\":\"https:\\\/\\\/theluckycapone.org\\\/de\\\/\",\"logo\":{\"@type\":\"ImageObject\",\"inLanguage\":\"de\",\"@id\":\"https:\\\/\\\/theluckycapone.org\\\/de\\\/#\\\/schema\\\/logo\\\/image\\\/\",\"url\":\"https:\\\/\\\/theluckycapone.org\\\/wp-content\\\/uploads\\\/2026\\\/01\\\/logo-luckycapone.png\",\"contentUrl\":\"https:\\\/\\\/theluckycapone.org\\\/wp-content\\\/uploads\\\/2026\\\/01\\\/logo-luckycapone.png\",\"width\":70,\"height\":24,\"caption\":\"Luckycapone\"},\"image\":{\"@id\":\"https:\\\/\\\/theluckycapone.org\\\/de\\\/#\\\/schema\\\/logo\\\/image\\\/\"}}]}<\/script>\n<!-- \/ Yoast SEO plugin. -->","yoast_head_json":{"title":"Luckycapone App herunterladen | iOS & Android","description":"Die Luckycapone-App sorgt f\u00fcr einwandfreies Gaming auf Android-, iOS-, Windows- und macOS-Plattformen, komplett mit Kontosynchronisierung, regelm\u00e4\u00dfigen Updates und integrierter Kundenbetreuung f\u00fcr eine einfache Nutzung.","robots":{"index":"index","follow":"follow","max-snippet":"max-snippet:-1","max-image-preview":"max-image-preview:large","max-video-preview":"max-video-preview:-1"},"canonical":"https:\/\/theluckycapone.org\/de\/app\/","og_locale":"de_DE","og_type":"article","og_title":"Luckycapone App herunterladen | iOS & Android","og_description":"Die Luckycapone-App sorgt f\u00fcr einwandfreies Gaming auf Android-, iOS-, Windows- und macOS-Plattformen, komplett mit Kontosynchronisierung, regelm\u00e4\u00dfigen Updates und integrierter Kundenbetreuung f\u00fcr eine einfache Nutzung.","og_url":"https:\/\/theluckycapone.org\/de\/app\/","og_site_name":"luckycapone","article_modified_time":"2026-01-23T13:54:33+00:00","twitter_card":"summary_large_image","twitter_misc":{"Gesch\u00e4tzte Lesezeit":"1\u00a0Minute"},"schema":{"@context":"https:\/\/schema.org","@graph":[{"@type":"WebPage","@id":"https:\/\/theluckycapone.org\/de\/app\/","url":"https:\/\/theluckycapone.org\/de\/app\/","name":"Luckycapone App herunterladen | iOS & Android","isPartOf":{"@id":"https:\/\/theluckycapone.org\/de\/#website"},"datePublished":"2026-01-21T14:07:36+00:00","dateModified":"2026-01-23T13:54:33+00:00","description":"Die Luckycapone-App sorgt f\u00fcr einwandfreies Gaming auf Android-, iOS-, Windows- und macOS-Plattformen, komplett mit Kontosynchronisierung, regelm\u00e4\u00dfigen Updates und integrierter Kundenbetreuung f\u00fcr eine einfache Nutzung.","breadcrumb":{"@id":"https:\/\/theluckycapone.org\/de\/app\/#breadcrumb"},"inLanguage":"de","potentialAction":[{"@type":"ReadAction","target":["https:\/\/theluckycapone.org\/de\/app\/"]}]},{"@type":"BreadcrumbList","@id":"https:\/\/theluckycapone.org\/de\/app\/#breadcrumb","itemListElement":[{"@type":"ListItem","position":1,"name":"Luckycapone","item":"https:\/\/theluckycapone.org\/de\/"},{"@type":"ListItem","position":2,"name":"App"}]},{"@type":"WebSite","@id":"https:\/\/theluckycapone.org\/de\/#website","url":"https:\/\/theluckycapone.org\/de\/","name":"Luckycapone","description":"","publisher":{"@id":"https:\/\/theluckycapone.org\/de\/#organization"},"potentialAction":[{"@type":"SearchAction","target":{"@type":"EntryPoint","urlTemplate":"https:\/\/theluckycapone.org\/de\/?s={search_term_string}"},"query-input":{"@type":"PropertyValueSpecification","valueRequired":true,"valueName":"search_term_string"}}],"inLanguage":"de"},{"@type":"Organization","@id":"https:\/\/theluckycapone.org\/de\/#organization","name":"Luckycapone","url":"https:\/\/theluckycapone.org\/de\/","logo":{"@type":"ImageObject","inLanguage":"de","@id":"https:\/\/theluckycapone.org\/de\/#\/schema\/logo\/image\/","url":"https:\/\/theluckycapone.org\/wp-content\/uploads\/2026\/01\/logo-luckycapone.png","contentUrl":"https:\/\/theluckycapone.org\/wp-content\/uploads\/2026\/01\/logo-luckycapone.png","width":70,"height":24,"caption":"Luckycapone"},"image":{"@id":"https:\/\/theluckycapone.org\/de\/#\/schema\/logo\/image\/"}}]}},"_links":{"self":[{"href":"https:\/\/theluckycapone.org\/de\/wp-json\/wp\/v2\/pages\/1414","targetHints":{"allow":["GET"]}}],"collection":[{"href":"https:\/\/theluckycapone.org\/de\/wp-json\/wp\/v2\/pages"}],"about":[{"href":"https:\/\/theluckycapone.org\/de\/wp-json\/wp\/v2\/types\/page"}],"author":[{"embeddable":true,"href":"https:\/\/theluckycapone.org\/de\/wp-json\/wp\/v2\/users\/1"}],"replies":[{"embeddable":true,"href":"https:\/\/theluckycapone.org\/de\/wp-json\/wp\/v2\/comments?post=1414"}],"version-history":[{"count":2,"href":"https:\/\/theluckycapone.org\/de\/wp-json\/wp\/v2\/pages\/1414\/revisions"}],"predecessor-version":[{"id":1786,"href":"https:\/\/theluckycapone.org\/de\/wp-json\/wp\/v2\/pages\/1414\/revisions\/1786"}],"wp:attachment":[{"href":"https:\/\/theluckycapone.org\/de\/wp-json\/wp\/v2\/media?parent=1414"}],"curies":[{"name":"wp","href":"https:\/\/api.w.org\/{rel}","templated":true}]}}