{"id":1421,"date":"2026-01-21T14:07:36","date_gmt":"2026-01-21T14:07:36","guid":{"rendered":"https:\/\/theluckycapone.org\/app-2\/"},"modified":"2026-01-22T10:06:08","modified_gmt":"2026-01-22T10:06:08","slug":"aplicacion","status":"publish","type":"page","link":"https:\/\/theluckycapone.org\/es\/aplicacion\/","title":{"rendered":"Aplicaci\u00f3n"},"content":{"rendered":"<h1>Aplicaci\u00f3n Luckycapone: Juego de Casino en M\u00f3vil<\/h1>\n<p>La aplicaci\u00f3n de Luckycapone ofrece a los jugadores una experiencia completa de casino m\u00f3vil. Los usuarios de todo el mundo pueden acceder a tragamonedas y juegos de mesa en l\u00ednea. La app proporciona una forma sencilla y segura de jugar, utilizando la \u00faltima tecnolog\u00eda. Los jugadores pueden disfrutar de sus juegos favoritos en cualquier lugar y dispositivo, sin comprometer la calidad ni el rendimiento.<\/p>\n<div class=\"banner-wrap\" aria-label=\"Banner\"><img src=\"https:\/\/theluckycapone.org\/wp-content\/uploads\/2026\/01\/Luckycapone-banner.webp\" class=\"w-100 d-none d-lg-block img-pc main-banner-img\" alt=\"Luckycapone banner\" fetchpriority=\"high\" decoding=\"async\"><img src=\"https:\/\/theluckycapone.org\/wp-content\/uploads\/2026\/01\/Mobile-banner.webp\" class=\"w-100 d-none d-md-block d-lg-none main-banner-img\" alt=\"Mobile banner\" fetchpriority=\"high\" decoding=\"async\"><img src=\"https:\/\/theluckycapone.org\/wp-content\/uploads\/2026\/01\/Mobile-banner.webp\" class=\"w-100 d-md-none\" alt=\"Mobile banner\" fetchpriority=\"high\" decoding=\"async\"><div class=\"banner-description\">\n<div class=\"banner-title\">Bonos de bienvenida<\/div>\n<p class=\"banner-header-title\">1500 \u20ac<\/p>\n<div class=\"banner-header-AdditionalText\">+ 250 Tiradas gratis<\/div>\n<button data-item=\"homepage_banner_link\" class=\"goto m-button m-gradient-border m-button--primary m-button--large banner-button btn-orange\">\n            <div class=\"m-button-content\">\n                <span>Reg\u00edstrate ahora<\/span>\n                <span><\/span>\n            <\/div>\n        <\/button>\n<\/div>\n<div class=\"WelcomePack\">\n<p><img loading=\"lazy\" decoding=\"async\" class=\"alignnone size-full wp-image-1335\" src=\"https:\/\/theluckycapone.org\/wp-content\/uploads\/2026\/01\/welcome-crown.png\" alt=\"welcome crown\" width=\"25\" height=\"26\" \/><\/p>\n<div class=\"WelcomePack-Info\">Reembolso semanal de hasta el 25 %<\/div>\n<p><img loading=\"lazy\" decoding=\"async\" class=\"alignnone size-full wp-image-1335\" src=\"https:\/\/theluckycapone.org\/wp-content\/uploads\/2026\/01\/welcome-crown.png\" alt=\"welcome crown\" width=\"25\" height=\"26\" \/><\/p>\n<\/div>\n<\/div>\n<h2>Plataforma m\u00f3vil de Luckycapone<\/h2>\n<p>La aplicaci\u00f3n de Luckycapone ofrece una experiencia de juego m\u00f3vil de alta calidad, con rendimiento r\u00e1pido, fuerte seguridad y un dise\u00f1o intuitivo. Su interfaz enfocada en m\u00f3viles mejora los tiempos de carga, los gr\u00e1ficos y la jugabilidad en comparaci\u00f3n con un navegador. Los jugadores pueden acceder r\u00e1pidamente a dep\u00f3sitos, retiros, promociones y soporte al cliente, permitiendo un juego ininterrumpido.<\/p>\n<p>El marco de alto rendimiento de la app asegura menos retrasos y mayor seguridad, brindando tranquilidad a los jugadores durante transacciones y partidas. Luckycapone Casino sigue a\u00f1adiendo nuevas funciones y corrigiendo posibles vulnerabilidades para garantizar una experiencia m\u00f3vil moderna y de alta calidad.<\/p>\n<p><div class=\"scrollable-content-wrap my-5\"><div class=\"scrollable-content-inner\"><h2>Aplicaci\u00f3n m\u00f3vil de Luckycapone para Android<\/h2>\n<p>La versi\u00f3n para Android de la app est\u00e1 dise\u00f1ada para ofrecer una experiencia de juego de alta calidad con descargas m\u00ednimas. Utiliza una Aplicaci\u00f3n Web Progresiva (PWA), lo que permite instalar el casino en los dispositivos en solo unos minutos desde la p\u00e1gina oficial.<\/p>\n<h3>APK<\/h3>\n<p>Antes, los archivos APK eran el m\u00e9todo m\u00e1s com\u00fan para instalar software de casino m\u00f3vil, pero las PWAs han reducido su necesidad. Los APK deben descargarse y actualizarse manualmente, lo que puede ser menos seguro y m\u00e1s complicado. Con la PWA de Luckycapone para Android, los jugadores siempre utilizan la versi\u00f3n m\u00e1s reciente del casino m\u00f3vil sin necesidad de actualizaciones manuales, manteniendo todo seguro y funcionando sin problemas.<\/p>\n<h3>PWA<\/h3>\n<p>La PWA de Luckycapone para Android es f\u00e1cil de instalar y se puede usar en cualquier dispositivo. Los jugadores deben buscar la opci\u00f3n \u201cCasino App\u201d en la p\u00e1gina principal, seguir unos sencillos pasos y a\u00f1adir la app a su pantalla de inicio. El icono de la app aparece en el men\u00fa, permitiendo acceso r\u00e1pido a toda la colecci\u00f3n de juegos y herramientas de gesti\u00f3n de cuenta.<\/p>\n<p>La app funciona en todas las plataformas, incluyendo smartphones y tablets. Su interfaz t\u00e1ctil es compatible con cualquier tama\u00f1o de pantalla, ofreciendo una experiencia fluida y responsiva, similar a las apps nativas.<\/p>\n<p><img loading=\"lazy\" decoding=\"async\" src=\"https:\/\/theluckycapone.org\/wp-content\/uploads\/2026\/01\/Luckycapone-Android.webp\" alt=\"Luckycapone Android\" width=\"1248\" height=\"536\" \/><\/p>\n<\/div><\/div><div style=\"clear: both\"><\/div><div class=\"d-flex justify-content-center\"><button data-item=\"decouvrez_link\" data-group=\"website_links\" class=\"goto fw-bold rounded-pill btn btn-orange\" aria-label=\"Descarga la aplicaci\u00f3n Luckycapone\" >Descarga la aplicaci\u00f3n Luckycapone<\/button><\/div><div class=\"scrollable-content-wrap my-5\"><div class=\"scrollable-content-inner\"><h2>Aplicaci\u00f3n m\u00f3vil de Luckycapone para iOS<\/h2>\n<p>La PWA basada en web, totalmente optimizada para Safari, permite que los usuarios de iOS tengan la misma experiencia de juego. Para instalarla, solo hay que ir a la p\u00e1gina principal del casino, hacer clic en \u201cInstalar\u201d y a\u00f1adir la app a la pantalla de inicio. Esto crea un entorno seguro y ligero que cumple con las normas de Apple.<\/p>\n<p>La versi\u00f3n para iOS cuenta con un dise\u00f1o sencillo, botones m\u00e1s grandes y gestos de deslizamiento que facilitan la navegaci\u00f3n. Los jugadores reciben notificaciones push sobre bonos, nuevos juegos y ofertas especiales.<\/p>\n<p>Beneficios de la PWA de Luckycapone<\/p>\n<ul>\n<li>Seguridad completa, sin necesidad de descargar archivos adicionales<\/li>\n<li>No requiere b\u00fasquedas de APK<\/li>\n<li>Sin restricciones de Google Play o App Store<\/li>\n<li>Impacto m\u00ednimo en la bater\u00eda del dispositivo<\/li>\n<\/ul>\n<p><img loading=\"lazy\" decoding=\"async\" src=\"https:\/\/theluckycapone.org\/wp-content\/uploads\/2026\/01\/Luckycapone-iOS.webp\" alt=\"Luckycapone iOS\" width=\"1248\" height=\"536\" \/><\/p>\n<\/div><\/div><div style=\"clear: both\"><\/div><div class=\"d-flex justify-content-center\"><button data-item=\"decouvrez_link\" data-group=\"website_links\" class=\"goto fw-bold rounded-pill btn btn-orange\" aria-label=\"Descargar Luckycapone\" >Descargar Luckycapone<\/button><\/div><div class=\"scrollable-content-wrap my-5\"><div class=\"scrollable-content-inner\"><h2>Descargas de la aplicaci\u00f3n para Windows y macOS<\/h2>\n<p>Luckycapone ofrece software de escritorio para jugadores que prefieren jugar desde sus computadoras. Funciona tanto en Windows como en macOS. La versi\u00f3n de escritorio tiene una interfaz mejorada con gr\u00e1ficos y sonido superiores, dise\u00f1ada para un rendimiento r\u00e1pido y confiable. Incluye todas las funciones importantes, como atenci\u00f3n al cliente y verificaci\u00f3n de cuenta.<\/p>\n<p>Los jugadores tambi\u00e9n pueden acceder a Luckycapone Casino usando navegadores como Google Chrome, Mozilla Firefox, Safari y Microsoft Edge. Esta adaptabilidad permite tener la misma experiencia de juego tanto en computadoras de escritorio como en port\u00e1tiles.<\/p>\n<table>\n<tbody>\n<tr>\n<td>Ventajas<\/td>\n<td>Desventajas<\/td>\n<\/tr>\n<tr>\n<td>Se puede iniciar directamente desde el navegador sin instalaci\u00f3n, proporcionando acceso r\u00e1pido a la biblioteca de juegos.<\/td>\n<td>Requiere conexi\u00f3n a Internet para jugar; no funciona completamente sin l\u00ednea.<\/td>\n<\/tr>\n<tr>\n<td>La instalaci\u00f3n dura menos de tres minutos desde la web; no es necesario descargar archivos pesados ni visitar tiendas de aplicaciones.<\/td>\n<td>El rendimiento y la estabilidad dependen del navegador; algunos navegadores pueden no soportar todas las funciones de la PWA al 100 %.<\/td>\n<\/tr>\n<tr>\n<td>Siempre se ejecuta la versi\u00f3n m\u00e1s reciente sin actualizaciones manuales, asegurando seguridad y acceso a nuevas funciones.<\/td>\n<td>Las notificaciones push pueden tener restricciones en ciertos navegadores o dispositivos.<\/td>\n<\/tr>\n<tr>\n<td>Funciona de manera fluida en diferentes dispositivos y sistemas operativos, incluyendo Android e iOS v\u00eda Safari.<\/td>\n<td>El rendimiento puede variar seg\u00fan el navegador y el dispositivo, y puede ser menos fluido que en apps nativas.<\/td>\n<\/tr>\n<tr>\n<td>No ocupa espacio significativo en el dispositivo en comparaci\u00f3n con las apps nativas.<\/td>\n<td><\/td>\n<\/tr>\n<tr>\n<td>Se beneficia de los protocolos de seguridad del navegador y de actualizaciones regulares, reduciendo vulnerabilidades.<\/td>\n<td><\/td>\n<\/tr>\n<\/tbody>\n<\/table>\n<p><img loading=\"lazy\" decoding=\"async\" src=\"https:\/\/theluckycapone.org\/wp-content\/uploads\/2026\/01\/Luckycapone-Desktop.webp\" alt=\"Luckycapone Desktop\" width=\"1248\" height=\"536\" \/><\/p>\n<\/div><\/div><div style=\"clear: both\"><\/div><div class=\"d-flex justify-content-center\"><button data-item=\"decouvrez_link\" data-group=\"website_links\" class=\"goto fw-bold rounded-pill btn btn-orange\" aria-label=\"Descarga la aplicaci\u00f3n Luckycapone\" >Descarga la aplicaci\u00f3n Luckycapone<\/button><\/div><div class=\"scrollable-content-wrap my-5\"><div class=\"scrollable-content-inner\"><h2>FAQ<\/h2>\n<h3>\u00bfLa aplicaci\u00f3n de Luckycapone Casino ofrece soporte al cliente?<\/h3>\n<p>Luckycapone Casino proporciona soporte completo a trav\u00e9s de chat en vivo, accesible tanto en la app como en el sitio web oficial. El equipo de soporte est\u00e1 disponible 24\/7 para ayudar con problemas t\u00e9cnicos, verificaci\u00f3n de cuentas y otras consultas, garantizando una experiencia de juego fluida.<\/p>\n<h3>\u00bfEs necesario crear una cuenta para usar la app de Luckycapone?<\/h3>\n<p>Para acceder a todas las funciones, incluidos dep\u00f3sitos, retiros e historial de juegos, los jugadores deben crear una cuenta. Tambi\u00e9n est\u00e1 disponible una versi\u00f3n demo para practicar. El registro y la verificaci\u00f3n son r\u00e1pidos y seguros, protegiendo la informaci\u00f3n del jugador mientras permiten un acceso c\u00f3modo a todos los servicios del casino.<\/p>\n<h3>\u00bfTodos los juegos est\u00e1n disponibles en la app de Luckycapone?<\/h3>\n<p>La mayor\u00eda de las tragamonedas y juegos de casino disponibles en Luckycapone se pueden jugar a trav\u00e9s de la app. Algunas funciones o juegos pueden estar disponibles solo en la versi\u00f3n de escritorio o web, pero la app m\u00f3vil ofrece una biblioteca de juegos completa para la mayor\u00eda de los jugadores.<\/p>\n<h3>\u00bfC\u00f3mo se actualiza la app de Luckycapone Casino?<\/h3>\n<p>La app de Luckycapone se actualiza autom\u00e1ticamente mediante el sistema PWA, eliminando la necesidad de actualizaciones manuales. Acceder a la app a trav\u00e9s del navegador o del icono instalado siempre proporciona la versi\u00f3n m\u00e1s reciente, con nuevas funciones y mejoras de seguridad. Las actualizaciones del software de escritorio tambi\u00e9n se gestionan autom\u00e1ticamente por Luckycapone Casino.<\/p>\n<\/div><\/div><\/p>\n","protected":false},"excerpt":{"rendered":"<p>Aplicaci\u00f3n Luckycapone: Juego de Casino en M\u00f3vil La aplicaci\u00f3n de Luckycapone ofrece a los jugadores una experiencia completa de casino m\u00f3vil. Los usuarios de todo el mundo pueden acceder a tragamonedas y juegos de mesa en l\u00ednea. La app proporciona una forma sencilla y segura de jugar, utilizando la \u00faltima tecnolog\u00eda. Los jugadores pueden disfrutar [&hellip;]<\/p>\n","protected":false},"author":1,"featured_media":0,"parent":0,"menu_order":0,"comment_status":"closed","ping_status":"closed","template":"template-builder.php","meta":{"_acf_changed":false,"inline_featured_image":false,"footnotes":""},"class_list":["post-1421","page","type-page","status-publish","hentry"],"acf":[],"yoast_head":"<!-- This site is optimized with the Yoast SEO plugin v27.3 - https:\/\/yoast.com\/product\/yoast-seo-wordpress\/ -->\n<title>Luckycapone app Descargar | iOS y Android<\/title>\n<meta name=\"description\" content=\"La aplicaci\u00f3n Luckycapone garantiza una experiencia de juego impecable en las plataformas Android, iOS, Windows y macOS, con sincronizaci\u00f3n de cuentas, actualizaciones peri\u00f3dicas y asistencia al cliente integrada para facilitar su uso.\" \/>\n<meta name=\"robots\" content=\"index, follow, max-snippet:-1, max-image-preview:large, max-video-preview:-1\" \/>\n<link rel=\"canonical\" href=\"https:\/\/theluckycapone.org\/es\/aplicacion\/\" \/>\n<meta property=\"og:locale\" content=\"es_ES\" \/>\n<meta property=\"og:type\" content=\"article\" \/>\n<meta property=\"og:title\" content=\"Luckycapone app Descargar | iOS y Android\" \/>\n<meta property=\"og:description\" content=\"La aplicaci\u00f3n Luckycapone garantiza una experiencia de juego impecable en las plataformas Android, iOS, Windows y macOS, con sincronizaci\u00f3n de cuentas, actualizaciones peri\u00f3dicas y asistencia al cliente integrada para facilitar su uso.\" \/>\n<meta property=\"og:url\" content=\"https:\/\/theluckycapone.org\/es\/aplicacion\/\" \/>\n<meta property=\"og:site_name\" content=\"luckycapone\" \/>\n<meta property=\"article:modified_time\" content=\"2026-01-22T10:06:08+00:00\" \/>\n<meta name=\"twitter:card\" content=\"summary_large_image\" \/>\n<meta name=\"twitter:label1\" content=\"Est. reading time\" \/>\n\t<meta name=\"twitter:data1\" content=\"1 minuto\" \/>\n<script type=\"application\/ld+json\" class=\"yoast-schema-graph\">{\"@context\":\"https:\\\/\\\/schema.org\",\"@graph\":[{\"@type\":\"WebPage\",\"@id\":\"https:\\\/\\\/theluckycapone.org\\\/es\\\/aplicacion\\\/\",\"url\":\"https:\\\/\\\/theluckycapone.org\\\/es\\\/aplicacion\\\/\",\"name\":\"Luckycapone app Descargar | iOS y Android\",\"isPartOf\":{\"@id\":\"https:\\\/\\\/theluckycapone.org\\\/es\\\/#website\"},\"datePublished\":\"2026-01-21T14:07:36+00:00\",\"dateModified\":\"2026-01-22T10:06:08+00:00\",\"description\":\"La aplicaci\u00f3n Luckycapone garantiza una experiencia de juego impecable en las plataformas Android, iOS, Windows y macOS, con sincronizaci\u00f3n de cuentas, actualizaciones peri\u00f3dicas y asistencia al cliente integrada para facilitar su uso.\",\"breadcrumb\":{\"@id\":\"https:\\\/\\\/theluckycapone.org\\\/es\\\/aplicacion\\\/#breadcrumb\"},\"inLanguage\":\"es\",\"potentialAction\":[{\"@type\":\"ReadAction\",\"target\":[\"https:\\\/\\\/theluckycapone.org\\\/es\\\/aplicacion\\\/\"]}]},{\"@type\":\"BreadcrumbList\",\"@id\":\"https:\\\/\\\/theluckycapone.org\\\/es\\\/aplicacion\\\/#breadcrumb\",\"itemListElement\":[{\"@type\":\"ListItem\",\"position\":1,\"name\":\"Luckycapone\",\"item\":\"https:\\\/\\\/theluckycapone.org\\\/es\\\/\"},{\"@type\":\"ListItem\",\"position\":2,\"name\":\"Aplicaci\u00f3n\"}]},{\"@type\":\"WebSite\",\"@id\":\"https:\\\/\\\/theluckycapone.org\\\/es\\\/#website\",\"url\":\"https:\\\/\\\/theluckycapone.org\\\/es\\\/\",\"name\":\"Luckycapone\",\"description\":\"\",\"publisher\":{\"@id\":\"https:\\\/\\\/theluckycapone.org\\\/es\\\/#organization\"},\"potentialAction\":[{\"@type\":\"SearchAction\",\"target\":{\"@type\":\"EntryPoint\",\"urlTemplate\":\"https:\\\/\\\/theluckycapone.org\\\/es\\\/?s={search_term_string}\"},\"query-input\":{\"@type\":\"PropertyValueSpecification\",\"valueRequired\":true,\"valueName\":\"search_term_string\"}}],\"inLanguage\":\"es\"},{\"@type\":\"Organization\",\"@id\":\"https:\\\/\\\/theluckycapone.org\\\/es\\\/#organization\",\"name\":\"Luckycapone\",\"url\":\"https:\\\/\\\/theluckycapone.org\\\/es\\\/\",\"logo\":{\"@type\":\"ImageObject\",\"inLanguage\":\"es\",\"@id\":\"https:\\\/\\\/theluckycapone.org\\\/es\\\/#\\\/schema\\\/logo\\\/image\\\/\",\"url\":\"https:\\\/\\\/theluckycapone.org\\\/wp-content\\\/uploads\\\/2026\\\/01\\\/logo-luckycapone.png\",\"contentUrl\":\"https:\\\/\\\/theluckycapone.org\\\/wp-content\\\/uploads\\\/2026\\\/01\\\/logo-luckycapone.png\",\"width\":70,\"height\":24,\"caption\":\"Luckycapone\"},\"image\":{\"@id\":\"https:\\\/\\\/theluckycapone.org\\\/es\\\/#\\\/schema\\\/logo\\\/image\\\/\"}}]}<\/script>\n<!-- \/ Yoast SEO plugin. -->","yoast_head_json":{"title":"Luckycapone app Descargar | iOS y Android","description":"La aplicaci\u00f3n Luckycapone garantiza una experiencia de juego impecable en las plataformas Android, iOS, Windows y macOS, con sincronizaci\u00f3n de cuentas, actualizaciones peri\u00f3dicas y asistencia al cliente integrada para facilitar su uso.","robots":{"index":"index","follow":"follow","max-snippet":"max-snippet:-1","max-image-preview":"max-image-preview:large","max-video-preview":"max-video-preview:-1"},"canonical":"https:\/\/theluckycapone.org\/es\/aplicacion\/","og_locale":"es_ES","og_type":"article","og_title":"Luckycapone app Descargar | iOS y Android","og_description":"La aplicaci\u00f3n Luckycapone garantiza una experiencia de juego impecable en las plataformas Android, iOS, Windows y macOS, con sincronizaci\u00f3n de cuentas, actualizaciones peri\u00f3dicas y asistencia al cliente integrada para facilitar su uso.","og_url":"https:\/\/theluckycapone.org\/es\/aplicacion\/","og_site_name":"luckycapone","article_modified_time":"2026-01-22T10:06:08+00:00","twitter_card":"summary_large_image","twitter_misc":{"Est. reading time":"1 minuto"},"schema":{"@context":"https:\/\/schema.org","@graph":[{"@type":"WebPage","@id":"https:\/\/theluckycapone.org\/es\/aplicacion\/","url":"https:\/\/theluckycapone.org\/es\/aplicacion\/","name":"Luckycapone app Descargar | iOS y Android","isPartOf":{"@id":"https:\/\/theluckycapone.org\/es\/#website"},"datePublished":"2026-01-21T14:07:36+00:00","dateModified":"2026-01-22T10:06:08+00:00","description":"La aplicaci\u00f3n Luckycapone garantiza una experiencia de juego impecable en las plataformas Android, iOS, Windows y macOS, con sincronizaci\u00f3n de cuentas, actualizaciones peri\u00f3dicas y asistencia al cliente integrada para facilitar su uso.","breadcrumb":{"@id":"https:\/\/theluckycapone.org\/es\/aplicacion\/#breadcrumb"},"inLanguage":"es","potentialAction":[{"@type":"ReadAction","target":["https:\/\/theluckycapone.org\/es\/aplicacion\/"]}]},{"@type":"BreadcrumbList","@id":"https:\/\/theluckycapone.org\/es\/aplicacion\/#breadcrumb","itemListElement":[{"@type":"ListItem","position":1,"name":"Luckycapone","item":"https:\/\/theluckycapone.org\/es\/"},{"@type":"ListItem","position":2,"name":"Aplicaci\u00f3n"}]},{"@type":"WebSite","@id":"https:\/\/theluckycapone.org\/es\/#website","url":"https:\/\/theluckycapone.org\/es\/","name":"Luckycapone","description":"","publisher":{"@id":"https:\/\/theluckycapone.org\/es\/#organization"},"potentialAction":[{"@type":"SearchAction","target":{"@type":"EntryPoint","urlTemplate":"https:\/\/theluckycapone.org\/es\/?s={search_term_string}"},"query-input":{"@type":"PropertyValueSpecification","valueRequired":true,"valueName":"search_term_string"}}],"inLanguage":"es"},{"@type":"Organization","@id":"https:\/\/theluckycapone.org\/es\/#organization","name":"Luckycapone","url":"https:\/\/theluckycapone.org\/es\/","logo":{"@type":"ImageObject","inLanguage":"es","@id":"https:\/\/theluckycapone.org\/es\/#\/schema\/logo\/image\/","url":"https:\/\/theluckycapone.org\/wp-content\/uploads\/2026\/01\/logo-luckycapone.png","contentUrl":"https:\/\/theluckycapone.org\/wp-content\/uploads\/2026\/01\/logo-luckycapone.png","width":70,"height":24,"caption":"Luckycapone"},"image":{"@id":"https:\/\/theluckycapone.org\/es\/#\/schema\/logo\/image\/"}}]}},"_links":{"self":[{"href":"https:\/\/theluckycapone.org\/es\/wp-json\/wp\/v2\/pages\/1421","targetHints":{"allow":["GET"]}}],"collection":[{"href":"https:\/\/theluckycapone.org\/es\/wp-json\/wp\/v2\/pages"}],"about":[{"href":"https:\/\/theluckycapone.org\/es\/wp-json\/wp\/v2\/types\/page"}],"author":[{"embeddable":true,"href":"https:\/\/theluckycapone.org\/es\/wp-json\/wp\/v2\/users\/1"}],"replies":[{"embeddable":true,"href":"https:\/\/theluckycapone.org\/es\/wp-json\/wp\/v2\/comments?post=1421"}],"version-history":[{"count":2,"href":"https:\/\/theluckycapone.org\/es\/wp-json\/wp\/v2\/pages\/1421\/revisions"}],"predecessor-version":[{"id":1774,"href":"https:\/\/theluckycapone.org\/es\/wp-json\/wp\/v2\/pages\/1421\/revisions\/1774"}],"wp:attachment":[{"href":"https:\/\/theluckycapone.org\/es\/wp-json\/wp\/v2\/media?parent=1421"}],"curies":[{"name":"wp","href":"https:\/\/api.w.org\/{rel}","templated":true}]}}