{"id":1412,"date":"2026-01-21T14:07:36","date_gmt":"2026-01-21T14:07:36","guid":{"rendered":"https:\/\/theluckycapone.org\/app\/"},"modified":"2026-01-22T08:13:46","modified_gmt":"2026-01-22T08:13:46","slug":"app","status":"publish","type":"page","link":"https:\/\/theluckycapone.org\/fr\/app\/","title":{"rendered":"App"},"content":{"rendered":"<h1>Application Luckycapone : Jeu de casino mobile<\/h1>\n<p>L\u2019application Luckycapone offre une exp\u00e9rience compl\u00e8te de casino mobile aux joueurs. Les machines \u00e0 sous et les jeux de table en ligne sont disponibles pour les utilisateurs du monde entier. L\u2019application propose un moyen simple et s\u00e9curis\u00e9 de jouer, utilisant les derni\u00e8res technologies. Les joueurs peuvent profiter de leurs jeux favoris n\u2019importe o\u00f9 et sur n\u2019importe quel appareil, sans compromettre la qualit\u00e9 ou les performances.<\/p>\n<div class=\"banner-wrap\" aria-label=\"Banner\"><img src=\"https:\/\/theluckycapone.org\/wp-content\/uploads\/2026\/01\/Luckycapone-banner.webp\" class=\"w-100 d-none d-lg-block img-pc main-banner-img\" alt=\"Luckycapone banner\" fetchpriority=\"high\" decoding=\"async\"><img src=\"https:\/\/theluckycapone.org\/wp-content\/uploads\/2026\/01\/Mobile-banner.webp\" class=\"w-100 d-none d-md-block d-lg-none main-banner-img\" alt=\"Mobile banner\" fetchpriority=\"high\" decoding=\"async\"><img src=\"https:\/\/theluckycapone.org\/wp-content\/uploads\/2026\/01\/Mobile-banner.webp\" class=\"w-100 d-md-none\" alt=\"Mobile banner\" fetchpriority=\"high\" decoding=\"async\"><div class=\"banner-description\">\n<div class=\"banner-title\">Bonus de bienvenue<\/div>\n<p class=\"banner-header-title\">1500 \u20ac<\/p>\n<div class=\"banner-header-AdditionalText\">+ 250 Tours gratuits<\/div>\n<button data-item=\"homepage_banner_link\" class=\"goto m-button m-gradient-border m-button--primary m-button--large banner-button btn-orange\">\n            <div class=\"m-button-content\">\n                <span>Inscrivez-vous d\u00e8s maintenant<\/span>\n                <span><\/span>\n            <\/div>\n        <\/button>\n<\/div>\n<div class=\"WelcomePack\">\n<p><img loading=\"lazy\" decoding=\"async\" class=\"alignnone size-full wp-image-1335\" src=\"https:\/\/theluckycapone.org\/wp-content\/uploads\/2026\/01\/welcome-crown.png\" alt=\"welcome crown\" width=\"25\" height=\"26\" \/><\/p>\n<div class=\"WelcomePack-Info\">Cashback hebdomadaire jusqu&rsquo;\u00e0 25 %<\/div>\n<p><img loading=\"lazy\" decoding=\"async\" class=\"alignnone size-full wp-image-1335\" src=\"https:\/\/theluckycapone.org\/wp-content\/uploads\/2026\/01\/welcome-crown.png\" alt=\"welcome crown\" width=\"25\" height=\"26\" \/><\/p>\n<\/div>\n<\/div>\n<h2>Plateforme mobile Luckycapone<\/h2>\n<p>L\u2019application Luckycapone offre une exp\u00e9rience de jeu mobile de haute qualit\u00e9 avec des performances rapides, une s\u00e9curit\u00e9 renforc\u00e9e et une interface intuitive. Son interface optimis\u00e9e pour le mobile am\u00e9liore les temps de chargement, les graphismes et le gameplay par rapport \u00e0 un navigateur. Les joueurs peuvent acc\u00e9der rapidement aux d\u00e9p\u00f4ts, retraits, promotions et support client, permettant un jeu ininterrompu.<\/p>\n<p>Le framework haute performance de l\u2019application r\u00e9duit les lags et assure une s\u00e9curit\u00e9 robuste, offrant aux joueurs une tranquillit\u00e9 d\u2019esprit lors des transactions et du jeu. Luckycapone Casino ajoute constamment de nouvelles fonctionnalit\u00e9s et corrige les failles de s\u00e9curit\u00e9 pour garantir une exp\u00e9rience de jeu mobile moderne et performante.<\/p>\n<p><div class=\"scrollable-content-wrap my-5\"><div class=\"scrollable-content-inner\"><h2>Application mobile Luckycapone pour Android<\/h2>\n<p>La version Android de l\u2019application Luckycapone est con\u00e7ue pour offrir une exp\u00e9rience de jeu de qualit\u00e9 avec un t\u00e9l\u00e9chargement minimal. Elle utilise une Progressive Web Application (PWA), permettant aux joueurs d\u2019installer rapidement le casino sur leur appareil en quelques minutes via le site officiel.<\/p>\n<h3>APK<\/h3>\n<p>Les fichiers APK \u00e9taient autrefois le moyen le plus courant pour installer les logiciels de casino mobile, mais les PWA les ont rendus moins utiles. Il faut t\u00e9l\u00e9charger et mettre \u00e0 jour les APK manuellement, ce qui peut \u00eatre moins s\u00fbr et plus compliqu\u00e9. Les joueurs peuvent toujours utiliser la version la plus r\u00e9cente du casino mobile avec l\u2019application Android Luckycapone (PWA) sans mises \u00e0 jour manuelles, garantissant s\u00e9curit\u00e9 et fluidit\u00e9.<\/p>\n<h3>PWA<\/h3>\n<p>La PWA Android de Luckycapone est facile \u00e0 installer et peut \u00eatre utilis\u00e9e sur tout appareil. Les joueurs peuvent trouver l\u2019option \u00ab Application Casino \u00bb sur la page principale, suivre les \u00e9tapes simples et ajouter l\u2019application \u00e0 leur \u00e9cran d\u2019accueil. L\u2019ic\u00f4ne de l\u2019application se trouve dans le menu, facilitant l\u2019acc\u00e8s \u00e0 l\u2019ensemble de la collection de jeux et aux outils de gestion de compte.<\/p>\n<p>L\u2019application Luckycapone fonctionne sur toutes les plateformes, y compris les smartphones et tablettes. Elle dispose d\u2019une interface tactile adapt\u00e9e \u00e0 toutes les tailles d\u2019\u00e9cran, offrant une exp\u00e9rience fluide et r\u00e9active comparable \u00e0 celle des applications natives.<\/p>\n<p><img loading=\"lazy\" decoding=\"async\" src=\"https:\/\/theluckycapone.org\/wp-content\/uploads\/2026\/01\/Luckycapone-Android.webp\" alt=\"Luckycapone Android\" width=\"1248\" height=\"536\" \/><\/p>\n<\/div><\/div><div style=\"clear: both\"><\/div><div class=\"d-flex justify-content-center\"><button data-item=\"decouvrez_link\" data-group=\"website_links\" class=\"goto fw-bold rounded-pill btn btn-orange\" aria-label=\"T\u00e9l\u00e9chargez l&#039;application Luckycapone\" >T\u00e9l\u00e9chargez l&#039;application Luckycapone<\/button><\/div><div class=\"scrollable-content-wrap my-5\"><div class=\"scrollable-content-inner\"><h2>Application mobile Luckycapone pour iOS<\/h2>\n<p>La PWA web de Luckycapone, enti\u00e8rement optimis\u00e9e pour Safari, permet aux utilisateurs iOS de b\u00e9n\u00e9ficier de la m\u00eame exp\u00e9rience de jeu. Pour l\u2019installer, il suffit de se rendre sur la page principale du casino, de cliquer sur le bouton \u00ab Installer \u00bb et d\u2019ajouter l\u2019application \u00e0 l\u2019\u00e9cran d\u2019accueil. Cela cr\u00e9e un environnement s\u00fbr et l\u00e9ger conforme aux r\u00e8gles d\u2019Apple.<\/p>\n<p>La version iOS dispose d\u2019une interface simple avec des boutons plus grands et des gestes de balayage pour faciliter la navigation. Les joueurs re\u00e7oivent des notifications push concernant les bonus, les nouveaux jeux et les offres sp\u00e9ciales.<\/p>\n<p>Avantages de la PWA Luckycapone :<\/p>\n<ul>\n<li>S\u00e9curit\u00e9 compl\u00e8te, sans besoin de t\u00e9l\u00e9charger des fichiers suppl\u00e9mentaires<\/li>\n<li>Pas de recherche d\u2019APK n\u00e9cessaire<\/li>\n<li>Pas de restrictions de Google Play ou de l\u2019App Store<\/li>\n<li>Impact minimal sur la batterie de l\u2019appareil<\/li>\n<\/ul>\n<p><img loading=\"lazy\" decoding=\"async\" src=\"https:\/\/theluckycapone.org\/wp-content\/uploads\/2026\/01\/Luckycapone-iOS.webp\" alt=\"Luckycapone iOS\" width=\"1248\" height=\"536\" \/><\/p>\n<\/div><\/div><div style=\"clear: both\"><\/div><div class=\"d-flex justify-content-center\"><button data-item=\"decouvrez_link\" data-group=\"website_links\" class=\"goto fw-bold rounded-pill btn btn-orange\" aria-label=\"T\u00e9l\u00e9charger Luckycapone\" >T\u00e9l\u00e9charger Luckycapone<\/button><\/div><div class=\"scrollable-content-wrap my-5\"><div class=\"scrollable-content-inner\"><h2>T\u00e9l\u00e9chargements de l\u2019application Windows &amp; macOS<\/h2>\n<p>Luckycapone propose un logiciel de bureau pour les joueurs qui pr\u00e9f\u00e8rent jouer sur ordinateur. Il est compatible avec Windows et macOS. La version bureau offre une interface am\u00e9lior\u00e9e avec de meilleurs graphismes et son, et est con\u00e7ue pour des performances rapides et fiables. Elle inclut toutes les fonctionnalit\u00e9s importantes, comme le service client et la v\u00e9rification de compte.<\/p>\n<p>Les joueurs peuvent \u00e9galement acc\u00e9der \u00e0 Luckycapone Casino via Google Chrome, Mozilla Firefox, Safari et Microsoft Edge. Cette compatibilit\u00e9 permet de profiter de la m\u00eame exp\u00e9rience de jeu sur ordinateurs de bureau et portables.<\/p>\n<table>\n<tbody>\n<tr>\n<td>Avantages<\/td>\n<td>Inconv\u00e9nients<\/td>\n<\/tr>\n<tr>\n<td>Peut \u00eatre lanc\u00e9 directement depuis le navigateur sans installation, offrant un acc\u00e8s rapide \u00e0 la biblioth\u00e8que de jeux.<\/td>\n<td>N\u00e9cessite une connexion Internet pour jouer ; ne peut pas fonctionner compl\u00e8tement hors ligne.<\/td>\n<\/tr>\n<tr>\n<td>Installation rapide en moins de trois minutes via le site web, sans t\u00e9l\u00e9chargement de gros fichiers ni visite d\u2019un app store.<\/td>\n<td>Les performances et la stabilit\u00e9 d\u00e9pendent du navigateur ; certains navigateurs peuvent ne pas supporter toutes les fonctionnalit\u00e9s PWA.<\/td>\n<\/tr>\n<tr>\n<td>Toujours \u00e0 jour avec la derni\u00e8re version sans mises \u00e0 jour manuelles, garantissant s\u00e9curit\u00e9 et acc\u00e8s aux nouvelles fonctionnalit\u00e9s.<\/td>\n<td>Les notifications push peuvent \u00eatre limit\u00e9es sur certains navigateurs ou appareils.<\/td>\n<\/tr>\n<tr>\n<td>Fonctionne de mani\u00e8re fluide sur diff\u00e9rents appareils et syst\u00e8mes d\u2019exploitation, y compris Android et iOS via Safari.<\/td>\n<td>Les performances peuvent varier selon le navigateur et l\u2019appareil, et \u00eatre moins fluides que celles des applications natives.<\/td>\n<\/tr>\n<tr>\n<td>N\u2019occupe pas beaucoup d\u2019espace de stockage par rapport aux applications natives.<\/td>\n<td><\/td>\n<\/tr>\n<tr>\n<td>B\u00e9n\u00e9ficie des protocoles de s\u00e9curit\u00e9 du navigateur et des mises \u00e0 jour r\u00e9guli\u00e8res, r\u00e9duisant les vuln\u00e9rabilit\u00e9s.<\/td>\n<td><\/td>\n<\/tr>\n<\/tbody>\n<\/table>\n<p><img loading=\"lazy\" decoding=\"async\" src=\"https:\/\/theluckycapone.org\/wp-content\/uploads\/2026\/01\/Luckycapone-Desktop.webp\" alt=\"Luckycapone Desktop\" width=\"1248\" height=\"536\" \/><\/p>\n<\/div><\/div><div style=\"clear: both\"><\/div><div class=\"d-flex justify-content-center\"><button data-item=\"decouvrez_link\" data-group=\"website_links\" class=\"goto fw-bold rounded-pill btn btn-orange\" aria-label=\"T\u00e9l\u00e9chargez l&#039;application Luckycapone\" >T\u00e9l\u00e9chargez l&#039;application Luckycapone<\/button><\/div><div class=\"scrollable-content-wrap my-5\"><div class=\"scrollable-content-inner\"><h2>FAQ<\/h2>\n<h3>L\u2019application Luckycapone Casino propose-t-elle un support client ?<\/h3>\n<p>Luckycapone Casino offre un support client complet via le chat en direct, accessible \u00e0 la fois dans l\u2019application et sur le site officiel. L\u2019\u00e9quipe d\u2019assistance est disponible 24h\/24 et 7j\/7 pour aider avec les probl\u00e8mes techniques, la v\u00e9rification de compte et d\u2019autres demandes, garantissant ainsi une exp\u00e9rience de jeu fluide.<\/p>\n<h3>Est-il n\u00e9cessaire de cr\u00e9er un compte pour utiliser l\u2019application Luckycapone ?<\/h3>\n<p>Pour acc\u00e9der \u00e0 toutes les fonctionnalit\u00e9s, y compris les d\u00e9p\u00f4ts, les retraits et l\u2019historique des jeux, les joueurs doivent cr\u00e9er un compte. Une version d\u00e9mo est \u00e9galement disponible pour s\u2019entra\u00eener. L\u2019inscription et la v\u00e9rification sont rapides et s\u00e9curis\u00e9es, ce qui prot\u00e8ge les informations des joueurs tout en permettant un acc\u00e8s pratique \u00e0 tous les services du casino.<\/p>\n<h3>Tous les jeux sont-ils disponibles dans l\u2019application Luckycapone ?<\/h3>\n<p>La plupart des machines \u00e0 sous et jeux de casino en ligne disponibles sur Luckycapone peuvent \u00eatre jou\u00e9s via l\u2019application. Certaines fonctionnalit\u00e9s ou certains jeux peuvent \u00eatre uniquement accessibles sur la version bureau ou web, mais l\u2019application mobile offre une biblioth\u00e8que de jeux compl\u00e8te pour la majorit\u00e9 des joueurs.<\/p>\n<h3>Comment mettre \u00e0 jour l\u2019application Luckycapone Casino ?<\/h3>\n<p>L\u2019application Luckycapone se met \u00e0 jour automatiquement via le syst\u00e8me PWA, \u00e9liminant ainsi le besoin de mises \u00e0 jour manuelles. L\u2019acc\u00e8s \u00e0 l\u2019application via le navigateur ou l\u2019ic\u00f4ne install\u00e9e fournit toujours la version la plus r\u00e9cente, avec de nouvelles fonctionnalit\u00e9s et des am\u00e9liorations de s\u00e9curit\u00e9. Les mises \u00e0 jour du logiciel de bureau sont \u00e9galement g\u00e9r\u00e9es automatiquement par Luckycapone Casino.<\/p>\n<\/div><\/div><\/p>\n","protected":false},"excerpt":{"rendered":"<p>Application Luckycapone : Jeu de casino mobile L\u2019application Luckycapone offre une exp\u00e9rience compl\u00e8te de casino mobile aux joueurs. Les machines \u00e0 sous et les jeux de table en ligne sont disponibles pour les utilisateurs du monde entier. L\u2019application propose un moyen simple et s\u00e9curis\u00e9 de jouer, utilisant les derni\u00e8res technologies. Les joueurs peuvent profiter de [&hellip;]<\/p>\n","protected":false},"author":1,"featured_media":0,"parent":0,"menu_order":0,"comment_status":"closed","ping_status":"closed","template":"template-builder.php","meta":{"_acf_changed":false,"inline_featured_image":false,"footnotes":""},"class_list":["post-1412","page","type-page","status-publish","hentry"],"acf":[],"yoast_head":"<!-- This site is optimized with the Yoast SEO plugin v27.3 - https:\/\/yoast.com\/product\/yoast-seo-wordpress\/ -->\n<title>Luckycapone App T\u00e9l\u00e9chargement | iOS et Android<\/title>\n<meta name=\"description\" content=\"L&#039;application Luckycapone garantit une exp\u00e9rience de jeu fluide sur les plateformes Android, iOS, Windows et macOS, avec synchronisation des comptes, mises \u00e0 jour r\u00e9guli\u00e8res et assistance client int\u00e9gr\u00e9e pour une utilisation simplifi\u00e9e.\" \/>\n<meta name=\"robots\" content=\"index, follow, max-snippet:-1, max-image-preview:large, max-video-preview:-1\" \/>\n<link rel=\"canonical\" href=\"https:\/\/theluckycapone.org\/fr\/app\/\" \/>\n<meta property=\"og:locale\" content=\"fr_FR\" \/>\n<meta property=\"og:type\" content=\"article\" \/>\n<meta property=\"og:title\" content=\"Luckycapone App T\u00e9l\u00e9chargement | iOS et Android\" \/>\n<meta property=\"og:description\" content=\"L&#039;application Luckycapone garantit une exp\u00e9rience de jeu fluide sur les plateformes Android, iOS, Windows et macOS, avec synchronisation des comptes, mises \u00e0 jour r\u00e9guli\u00e8res et assistance client int\u00e9gr\u00e9e pour une utilisation simplifi\u00e9e.\" \/>\n<meta property=\"og:url\" content=\"https:\/\/theluckycapone.org\/fr\/app\/\" \/>\n<meta property=\"og:site_name\" content=\"luckycapone\" \/>\n<meta property=\"article:modified_time\" content=\"2026-01-22T08:13:46+00:00\" \/>\n<meta name=\"twitter:card\" content=\"summary_large_image\" \/>\n<meta name=\"twitter:label1\" content=\"Dur\u00e9e de lecture estim\u00e9e\" \/>\n\t<meta name=\"twitter:data1\" content=\"1 minute\" \/>\n<script type=\"application\/ld+json\" class=\"yoast-schema-graph\">{\"@context\":\"https:\\\/\\\/schema.org\",\"@graph\":[{\"@type\":\"WebPage\",\"@id\":\"https:\\\/\\\/theluckycapone.org\\\/fr\\\/app\\\/\",\"url\":\"https:\\\/\\\/theluckycapone.org\\\/fr\\\/app\\\/\",\"name\":\"Luckycapone App T\u00e9l\u00e9chargement | iOS et Android\",\"isPartOf\":{\"@id\":\"https:\\\/\\\/theluckycapone.org\\\/fr\\\/#website\"},\"datePublished\":\"2026-01-21T14:07:36+00:00\",\"dateModified\":\"2026-01-22T08:13:46+00:00\",\"description\":\"L'application Luckycapone garantit une exp\u00e9rience de jeu fluide sur les plateformes Android, iOS, Windows et macOS, avec synchronisation des comptes, mises \u00e0 jour r\u00e9guli\u00e8res et assistance client int\u00e9gr\u00e9e pour une utilisation simplifi\u00e9e.\",\"breadcrumb\":{\"@id\":\"https:\\\/\\\/theluckycapone.org\\\/fr\\\/app\\\/#breadcrumb\"},\"inLanguage\":\"fr-FR\",\"potentialAction\":[{\"@type\":\"ReadAction\",\"target\":[\"https:\\\/\\\/theluckycapone.org\\\/fr\\\/app\\\/\"]}]},{\"@type\":\"BreadcrumbList\",\"@id\":\"https:\\\/\\\/theluckycapone.org\\\/fr\\\/app\\\/#breadcrumb\",\"itemListElement\":[{\"@type\":\"ListItem\",\"position\":1,\"name\":\"Luckycapone\",\"item\":\"https:\\\/\\\/theluckycapone.org\\\/fr\\\/\"},{\"@type\":\"ListItem\",\"position\":2,\"name\":\"App\"}]},{\"@type\":\"WebSite\",\"@id\":\"https:\\\/\\\/theluckycapone.org\\\/fr\\\/#website\",\"url\":\"https:\\\/\\\/theluckycapone.org\\\/fr\\\/\",\"name\":\"Luckycapone\",\"description\":\"\",\"publisher\":{\"@id\":\"https:\\\/\\\/theluckycapone.org\\\/fr\\\/#organization\"},\"potentialAction\":[{\"@type\":\"SearchAction\",\"target\":{\"@type\":\"EntryPoint\",\"urlTemplate\":\"https:\\\/\\\/theluckycapone.org\\\/fr\\\/?s={search_term_string}\"},\"query-input\":{\"@type\":\"PropertyValueSpecification\",\"valueRequired\":true,\"valueName\":\"search_term_string\"}}],\"inLanguage\":\"fr-FR\"},{\"@type\":\"Organization\",\"@id\":\"https:\\\/\\\/theluckycapone.org\\\/fr\\\/#organization\",\"name\":\"Luckycapone\",\"url\":\"https:\\\/\\\/theluckycapone.org\\\/fr\\\/\",\"logo\":{\"@type\":\"ImageObject\",\"inLanguage\":\"fr-FR\",\"@id\":\"https:\\\/\\\/theluckycapone.org\\\/fr\\\/#\\\/schema\\\/logo\\\/image\\\/\",\"url\":\"https:\\\/\\\/theluckycapone.org\\\/wp-content\\\/uploads\\\/2026\\\/01\\\/logo-luckycapone.png\",\"contentUrl\":\"https:\\\/\\\/theluckycapone.org\\\/wp-content\\\/uploads\\\/2026\\\/01\\\/logo-luckycapone.png\",\"width\":70,\"height\":24,\"caption\":\"Luckycapone\"},\"image\":{\"@id\":\"https:\\\/\\\/theluckycapone.org\\\/fr\\\/#\\\/schema\\\/logo\\\/image\\\/\"}}]}<\/script>\n<!-- \/ Yoast SEO plugin. -->","yoast_head_json":{"title":"Luckycapone App T\u00e9l\u00e9chargement | iOS et Android","description":"L'application Luckycapone garantit une exp\u00e9rience de jeu fluide sur les plateformes Android, iOS, Windows et macOS, avec synchronisation des comptes, mises \u00e0 jour r\u00e9guli\u00e8res et assistance client int\u00e9gr\u00e9e pour une utilisation simplifi\u00e9e.","robots":{"index":"index","follow":"follow","max-snippet":"max-snippet:-1","max-image-preview":"max-image-preview:large","max-video-preview":"max-video-preview:-1"},"canonical":"https:\/\/theluckycapone.org\/fr\/app\/","og_locale":"fr_FR","og_type":"article","og_title":"Luckycapone App T\u00e9l\u00e9chargement | iOS et Android","og_description":"L'application Luckycapone garantit une exp\u00e9rience de jeu fluide sur les plateformes Android, iOS, Windows et macOS, avec synchronisation des comptes, mises \u00e0 jour r\u00e9guli\u00e8res et assistance client int\u00e9gr\u00e9e pour une utilisation simplifi\u00e9e.","og_url":"https:\/\/theluckycapone.org\/fr\/app\/","og_site_name":"luckycapone","article_modified_time":"2026-01-22T08:13:46+00:00","twitter_card":"summary_large_image","twitter_misc":{"Dur\u00e9e de lecture estim\u00e9e":"1 minute"},"schema":{"@context":"https:\/\/schema.org","@graph":[{"@type":"WebPage","@id":"https:\/\/theluckycapone.org\/fr\/app\/","url":"https:\/\/theluckycapone.org\/fr\/app\/","name":"Luckycapone App T\u00e9l\u00e9chargement | iOS et Android","isPartOf":{"@id":"https:\/\/theluckycapone.org\/fr\/#website"},"datePublished":"2026-01-21T14:07:36+00:00","dateModified":"2026-01-22T08:13:46+00:00","description":"L'application Luckycapone garantit une exp\u00e9rience de jeu fluide sur les plateformes Android, iOS, Windows et macOS, avec synchronisation des comptes, mises \u00e0 jour r\u00e9guli\u00e8res et assistance client int\u00e9gr\u00e9e pour une utilisation simplifi\u00e9e.","breadcrumb":{"@id":"https:\/\/theluckycapone.org\/fr\/app\/#breadcrumb"},"inLanguage":"fr-FR","potentialAction":[{"@type":"ReadAction","target":["https:\/\/theluckycapone.org\/fr\/app\/"]}]},{"@type":"BreadcrumbList","@id":"https:\/\/theluckycapone.org\/fr\/app\/#breadcrumb","itemListElement":[{"@type":"ListItem","position":1,"name":"Luckycapone","item":"https:\/\/theluckycapone.org\/fr\/"},{"@type":"ListItem","position":2,"name":"App"}]},{"@type":"WebSite","@id":"https:\/\/theluckycapone.org\/fr\/#website","url":"https:\/\/theluckycapone.org\/fr\/","name":"Luckycapone","description":"","publisher":{"@id":"https:\/\/theluckycapone.org\/fr\/#organization"},"potentialAction":[{"@type":"SearchAction","target":{"@type":"EntryPoint","urlTemplate":"https:\/\/theluckycapone.org\/fr\/?s={search_term_string}"},"query-input":{"@type":"PropertyValueSpecification","valueRequired":true,"valueName":"search_term_string"}}],"inLanguage":"fr-FR"},{"@type":"Organization","@id":"https:\/\/theluckycapone.org\/fr\/#organization","name":"Luckycapone","url":"https:\/\/theluckycapone.org\/fr\/","logo":{"@type":"ImageObject","inLanguage":"fr-FR","@id":"https:\/\/theluckycapone.org\/fr\/#\/schema\/logo\/image\/","url":"https:\/\/theluckycapone.org\/wp-content\/uploads\/2026\/01\/logo-luckycapone.png","contentUrl":"https:\/\/theluckycapone.org\/wp-content\/uploads\/2026\/01\/logo-luckycapone.png","width":70,"height":24,"caption":"Luckycapone"},"image":{"@id":"https:\/\/theluckycapone.org\/fr\/#\/schema\/logo\/image\/"}}]}},"_links":{"self":[{"href":"https:\/\/theluckycapone.org\/fr\/wp-json\/wp\/v2\/pages\/1412","targetHints":{"allow":["GET"]}}],"collection":[{"href":"https:\/\/theluckycapone.org\/fr\/wp-json\/wp\/v2\/pages"}],"about":[{"href":"https:\/\/theluckycapone.org\/fr\/wp-json\/wp\/v2\/types\/page"}],"author":[{"embeddable":true,"href":"https:\/\/theluckycapone.org\/fr\/wp-json\/wp\/v2\/users\/1"}],"replies":[{"embeddable":true,"href":"https:\/\/theluckycapone.org\/fr\/wp-json\/wp\/v2\/comments?post=1412"}],"version-history":[{"count":2,"href":"https:\/\/theluckycapone.org\/fr\/wp-json\/wp\/v2\/pages\/1412\/revisions"}],"predecessor-version":[{"id":1556,"href":"https:\/\/theluckycapone.org\/fr\/wp-json\/wp\/v2\/pages\/1412\/revisions\/1556"}],"wp:attachment":[{"href":"https:\/\/theluckycapone.org\/fr\/wp-json\/wp\/v2\/media?parent=1412"}],"curies":[{"name":"wp","href":"https:\/\/api.w.org\/{rel}","templated":true}]}}