{"id":1454,"date":"2026-01-21T14:10:25","date_gmt":"2026-01-21T14:10:25","guid":{"rendered":"https:\/\/theluckycapone.org\/login-and-registration\/"},"modified":"2026-01-22T08:17:07","modified_gmt":"2026-01-22T08:17:07","slug":"connexion-et-inscription","status":"publish","type":"page","link":"https:\/\/theluckycapone.org\/fr\/connexion-et-inscription\/","title":{"rendered":"Connexion et inscription"},"content":{"rendered":"<h1>Luckycapone Login : inscription rapide et gestion de compte<\/h1>\n<p>La connexion \u00e0 Luckycapone facilite et s\u00e9curise l\u2019acc\u00e8s au casino en ligne. La plateforme applique des normes strictes en mati\u00e8re de s\u00e9curit\u00e9, d\u2019\u00e9quit\u00e9 et d\u2019exp\u00e9rience utilisateur. Les joueurs peuvent choisir parmi de nombreux jeux, effectuer des paiements selon leurs pr\u00e9f\u00e9rences et b\u00e9n\u00e9ficier d\u2019une assistance client\u00e8le r\u00e9active. Cela garantit une exp\u00e9rience de jeu fluide et agr\u00e9able pour les nouveaux joueurs comme pour les habitu\u00e9s.<\/p>\n<p><div class=\"banner-wrap\" aria-label=\"Banner\"><img src=\"https:\/\/theluckycapone.org\/wp-content\/uploads\/2026\/01\/Luckycapone-banner.webp\" class=\"w-100 d-none d-lg-block img-pc main-banner-img\" alt=\"Luckycapone banner\" fetchpriority=\"high\" decoding=\"async\"><img src=\"https:\/\/theluckycapone.org\/wp-content\/uploads\/2026\/01\/Mobile-banner.webp\" class=\"w-100 d-none d-md-block d-lg-none main-banner-img\" alt=\"Mobile banner\" fetchpriority=\"high\" decoding=\"async\"><img src=\"https:\/\/theluckycapone.org\/wp-content\/uploads\/2026\/01\/Mobile-banner.webp\" class=\"w-100 d-md-none\" alt=\"Mobile banner\" fetchpriority=\"high\" decoding=\"async\"><div class=\"banner-description\">\n<div class=\"banner-title\">Bonus de bienvenue<\/div>\n<p class=\"banner-header-title\">1500 \u20ac<\/p>\n<div class=\"banner-header-AdditionalText\">+ 250 Tours gratuits<\/div>\n<button data-item=\"homepage_banner_link\" class=\"goto m-button m-gradient-border m-button--primary m-button--large banner-button btn-orange\">\n            <div class=\"m-button-content\">\n                <span>Inscrivez-vous d\u00e8s maintenant<\/span>\n                <span><\/span>\n            <\/div>\n        <\/button>\n<\/div>\n<div class=\"WelcomePack\">\n<p><img loading=\"lazy\" decoding=\"async\" class=\"alignnone size-full wp-image-1335\" src=\"https:\/\/theluckycapone.org\/wp-content\/uploads\/2026\/01\/welcome-crown.png\" alt=\"welcome crown\" width=\"25\" height=\"26\" \/><\/p>\n<div class=\"WelcomePack-Info\">Cashback hebdomadaire jusqu&rsquo;\u00e0 25 %<\/div>\n<p><img loading=\"lazy\" decoding=\"async\" class=\"alignnone size-full wp-image-1335\" src=\"https:\/\/theluckycapone.org\/wp-content\/uploads\/2026\/01\/welcome-crown.png\" alt=\"welcome crown\" width=\"25\" height=\"26\" \/><\/p>\n<\/div>\n<\/div><div class=\"scrollable-content-wrap my-5\"><div class=\"scrollable-content-inner\"><h2>Connexion Luckycapone : inscription des nouveaux joueurs<\/h2>\n<p>La connexion Luckycapone est con\u00e7ue pour \u00eatre pratique et s\u00e9curis\u00e9e. Elle permet un acc\u00e8s s\u00fbr et facile \u00e0 l\u2019int\u00e9gralit\u00e9 du casino en ligne pour les joueurs \u00e2g\u00e9s de 18 ans et plus. La plateforme propose des mesures de s\u00e9curit\u00e9 avanc\u00e9es, un support multilingue et une navigation simple pour garantir une exp\u00e9rience de jeu agr\u00e9able. Luckycapone permet aux joueurs de g\u00e9rer leurs jeux en toute s\u00e9curit\u00e9 tout en profitant de l\u2019opportunit\u00e9 de jouer et de gagner.<\/p>\n<h2>Cr\u00e9er votre compte Luckycapone<\/h2>\n<p>Lorsque vous vous inscrivez sur Luckycapone Casino, vous pouvez jouer \u00e0 plus de 6 000 jeux, notamment des machines \u00e0 sous, des jeux de table et des jeux avec croupier en direct. Les joueurs peuvent \u00e9galement b\u00e9n\u00e9ficier de bonus, participer \u00e0 des tournois, effectuer des d\u00e9p\u00f4ts et retraits, et configurer leur profil de jeu lors de la cr\u00e9ation de leur compte. L\u2019objectif de l\u2019inscription est que le processus soit rapide, s\u00fbr et facile.<\/p>\n<p>Comment s\u2019inscrire sur Luckycapone Casino :<\/p>\n<ul>\n<li>Cliquez sur le bouton \u00ab S\u2019inscrire \u00bb.<\/li>\n<li>Remplissez le formulaire d\u2019inscription avec un email valide et un mot de passe s\u00e9curis\u00e9. Pour plus de s\u00e9curit\u00e9, utilisez un m\u00e9lange de lettres majuscules et minuscules, de chiffres et de symboles.<\/li>\n<li>Lisez et acceptez les termes et conditions, en confirmant que vous \u00eates majeur.<\/li>\n<li>Soumettez le formulaire d\u2019inscription.<\/li>\n<li>V\u00e9rifiez votre email en cliquant sur le lien de confirmation envoy\u00e9 dans votre bo\u00eete de r\u00e9ception pour activer votre compte.<\/li>\n<\/ul>\n<p>Des informations personnelles facultatives, telles que le nom complet, la date de naissance et l\u2019adresse, peuvent \u00eatre ajout\u00e9es ult\u00e9rieurement dans les param\u00e8tres du compte. Cela permet aux nouveaux joueurs de s\u2019inscrire rapidement et de commencer \u00e0 jouer imm\u00e9diatement.<\/p>\n<h2>Se connecter \u00e0 Luckycapone<\/h2>\n<p>Se connecter \u00e0 votre compte Luckycapone est simple et s\u00e9curis\u00e9. Suivez ces \u00e9tapes :<\/p>\n<ul>\n<li>Cliquez sur le bouton \u00ab Connexion \u00bb en haut \u00e0 droite, \u00e0 c\u00f4t\u00e9 du bouton \u00ab S\u2019inscrire \u00bb.<\/li>\n<li>Saisissez votre email et votre mot de passe enregistr\u00e9s.<\/li>\n<li>Compl\u00e9tez le processus de v\u00e9rification en entrant le code envoy\u00e9 sur votre t\u00e9l\u00e9phone mobile ou via l\u2019application d\u2019authentification.<\/li>\n<li>Cliquez sur l\u2019ic\u00f4ne de votre compte pour finaliser la connexion.<\/li>\n<\/ul>\n<p>Une fois connect\u00e9, vous pouvez g\u00e9rer votre profil, consulter vos d\u00e9p\u00f4ts et retraits, suivre vos gains et examiner votre historique de transactions. Le site est organis\u00e9 pour une navigation facile, vous permettant de passer plus de temps \u00e0 profiter de vos jeux pr\u00e9f\u00e9r\u00e9s.<\/p>\n<h3>Mot de passe oubli\u00e9 ?<\/h3>\n<p>Si vous oubliez votre mot de passe, cliquez sur \u00ab Mot de passe oubli\u00e9 ? \u00bb sur la page de connexion de Luckycapone. L\u2019\u00e9quipe d\u2019assistance sera inform\u00e9e du probl\u00e8me. Vous recevrez un email contenant des instructions simples pour r\u00e9cup\u00e9rer votre mot de passe et retrouver rapidement et en toute s\u00e9curit\u00e9 l\u2019acc\u00e8s \u00e0 votre compte.<\/p>\n<h3>Luckycapone Casino : s\u00e9curisation et v\u00e9rification des comptes<\/h3>\n<p>Luckycapone Casino accorde une priorit\u00e9 \u00e0 la s\u00e9curit\u00e9 des joueurs et utilise plusieurs mesures pour prot\u00e9ger les donn\u00e9es des utilisateurs. Toutes les transmissions sont s\u00e9curis\u00e9es par un cryptage SSL. Les joueurs peuvent activer l\u2019authentification \u00e0 deux facteurs (2FA) pour une protection suppl\u00e9mentaire de leur compte.<\/p>\n<p>La v\u00e9rification du compte n\u00e9cessite la soumission de documents d\u2019identit\u00e9 valides. L\u2019\u00e9quipe d\u2019assistance examine ces documents sous 48 heures afin de confirmer l\u2019identit\u00e9, pr\u00e9venir la fraude et permettre des retraits s\u00e9curis\u00e9s.<\/p>\n<table>\n<tbody>\n<tr>\n<td>Type de protection<\/td>\n<td>D\u00e9tails<\/td>\n<\/tr>\n<tr>\n<td>S\u00e9curit\u00e9 de la plateforme<\/td>\n<td>Cryptage SSL, authentification \u00e0 deux facteurs (2FA), proc\u00e9dures de v\u00e9rification, conformit\u00e9 au RGPD, g\u00e9n\u00e9rateur de nombres al\u00e9atoires certifi\u00e9, licence Cura\u00e7ao<\/td>\n<\/tr>\n<tr>\n<td>Support client<\/td>\n<td>Assistance multilingue 24h\/24 et 7j\/7 via chat en direct et e-mail<\/td>\n<\/tr>\n<tr>\n<td>Exigences d\u2019inscription<\/td>\n<td>Email valide, v\u00e9rification de l\u2019\u00e2ge et informations personnelles lors de l\u2019inscription<\/td>\n<\/tr>\n<tr>\n<td>Processus de v\u00e9rification<\/td>\n<td>T\u00e9l\u00e9versement de documents pour contr\u00f4le<\/td>\n<\/tr>\n<\/tbody>\n<\/table>\n<h2>FAQ<\/h2>\n<h3>Comment compl\u00e9ter le processus de v\u00e9rification de compte ?<\/h3>\n<p>Pour v\u00e9rifier votre compte Luckycapone, soumettez une copie de documents d\u2019identification valides, tels qu\u2019une pi\u00e8ce d\u2019identit\u00e9 \u00e9mise par le gouvernement ou un justificatif de domicile. L\u2019\u00e9quipe d\u2019assistance examine les documents dans un d\u00e9lai de 48 heures et vous informera de l\u2019approbation ou des \u00e9tapes suppl\u00e9mentaires \u00e9ventuelles. Les retraits et l\u2019acc\u00e8s complet au compte ne sont possibles qu\u2019apr\u00e8s v\u00e9rification.<\/p>\n<h3>Comment mettre \u00e0 jour le mot de passe ou l\u2019adresse e-mail ?<\/h3>\n<p>Vous pouvez modifier votre mot de passe ou votre adresse e-mail dans la section profil de votre compte. S\u00e9lectionnez l\u2019option que vous souhaitez mettre \u00e0 jour et confirmez les changements. Pour des raisons de s\u00e9curit\u00e9, il se peut que vous deviez v\u00e9rifier votre e-mail ou utiliser l\u2019authentification \u00e0 deux facteurs lors de ces mises \u00e0 jour.<\/p>\n<h3>Que faire si mon compte est bloqu\u00e9 ?<\/h3>\n<p>Si vous ne pouvez pas vous connecter, contactez l\u2019\u00e9quipe d\u2019assistance via le chat en direct ou par e-mail. Le d\u00e9blocage du compte peut n\u00e9cessiter une v\u00e9rification d\u2019identit\u00e9 pour restaurer l\u2019acc\u00e8s.<\/p>\n<h3>Comment fermer ou suspendre temporairement mon compte ?<\/h3>\n<p>Pour fermer ou suspendre temporairement votre compte Luckycapone, soumettez une demande via les param\u00e8tres du compte pour contacter le support. L\u2019\u00e9quipe vous guidera tout au long du processus et veillera \u00e0 ce que vos donn\u00e9es soient trait\u00e9es correctement.<\/p>\n<\/div><\/div><\/p>\n","protected":false},"excerpt":{"rendered":"<p>Luckycapone Login : inscription rapide et gestion de compte La connexion \u00e0 Luckycapone facilite et s\u00e9curise l\u2019acc\u00e8s au casino en ligne. La plateforme applique des normes strictes en mati\u00e8re de s\u00e9curit\u00e9, d\u2019\u00e9quit\u00e9 et d\u2019exp\u00e9rience utilisateur. Les joueurs peuvent choisir parmi de nombreux jeux, effectuer des paiements selon leurs pr\u00e9f\u00e9rences et b\u00e9n\u00e9ficier d\u2019une assistance client\u00e8le r\u00e9active. [&hellip;]<\/p>\n","protected":false},"author":1,"featured_media":0,"parent":0,"menu_order":0,"comment_status":"closed","ping_status":"closed","template":"template-builder.php","meta":{"_acf_changed":false,"inline_featured_image":false,"footnotes":""},"class_list":["post-1454","page","type-page","status-publish","hentry"],"acf":[],"yoast_head":"<!-- This site is optimized with the Yoast SEO plugin v27.3 - https:\/\/yoast.com\/product\/yoast-seo-wordpress\/ -->\n<title>Luckycapone Connexion \u2013 Inscription et gestion du compte<\/title>\n<meta name=\"description\" content=\"Cr\u00e9ez, g\u00e9rez et v\u00e9rifiez facilement votre compte Luckycapone Casino gr\u00e2ce \u00e0 une inscription rapide, une r\u00e9cup\u00e9ration de compte transparente et une fermeture de compte s\u00e9curis\u00e9e, garantissant une protection 24 heures sur 24, 7 jours sur 7 via Luckycapone Login.\" \/>\n<meta name=\"robots\" content=\"index, follow, max-snippet:-1, max-image-preview:large, max-video-preview:-1\" \/>\n<link rel=\"canonical\" href=\"https:\/\/theluckycapone.org\/fr\/connexion-et-inscription\/\" \/>\n<meta property=\"og:locale\" content=\"fr_FR\" \/>\n<meta property=\"og:type\" content=\"article\" \/>\n<meta property=\"og:title\" content=\"Luckycapone Connexion \u2013 Inscription et gestion du compte\" \/>\n<meta property=\"og:description\" content=\"Cr\u00e9ez, g\u00e9rez et v\u00e9rifiez facilement votre compte Luckycapone Casino gr\u00e2ce \u00e0 une inscription rapide, une r\u00e9cup\u00e9ration de compte transparente et une fermeture de compte s\u00e9curis\u00e9e, garantissant une protection 24 heures sur 24, 7 jours sur 7 via Luckycapone Login.\" \/>\n<meta property=\"og:url\" content=\"https:\/\/theluckycapone.org\/fr\/connexion-et-inscription\/\" \/>\n<meta property=\"og:site_name\" content=\"luckycapone\" \/>\n<meta property=\"article:modified_time\" content=\"2026-01-22T08:17:07+00:00\" \/>\n<meta name=\"twitter:card\" content=\"summary_large_image\" \/>\n<meta name=\"twitter:label1\" content=\"Dur\u00e9e de lecture estim\u00e9e\" \/>\n\t<meta name=\"twitter:data1\" content=\"1 minute\" \/>\n<script type=\"application\/ld+json\" class=\"yoast-schema-graph\">{\"@context\":\"https:\\\/\\\/schema.org\",\"@graph\":[{\"@type\":\"WebPage\",\"@id\":\"https:\\\/\\\/theluckycapone.org\\\/fr\\\/connexion-et-inscription\\\/\",\"url\":\"https:\\\/\\\/theluckycapone.org\\\/fr\\\/connexion-et-inscription\\\/\",\"name\":\"Luckycapone Connexion \u2013 Inscription et gestion du compte\",\"isPartOf\":{\"@id\":\"https:\\\/\\\/theluckycapone.org\\\/fr\\\/#website\"},\"datePublished\":\"2026-01-21T14:10:25+00:00\",\"dateModified\":\"2026-01-22T08:17:07+00:00\",\"description\":\"Cr\u00e9ez, g\u00e9rez et v\u00e9rifiez facilement votre compte Luckycapone Casino gr\u00e2ce \u00e0 une inscription rapide, une r\u00e9cup\u00e9ration de compte transparente et une fermeture de compte s\u00e9curis\u00e9e, garantissant une protection 24 heures sur 24, 7 jours sur 7 via Luckycapone Login.\",\"breadcrumb\":{\"@id\":\"https:\\\/\\\/theluckycapone.org\\\/fr\\\/connexion-et-inscription\\\/#breadcrumb\"},\"inLanguage\":\"fr-FR\",\"potentialAction\":[{\"@type\":\"ReadAction\",\"target\":[\"https:\\\/\\\/theluckycapone.org\\\/fr\\\/connexion-et-inscription\\\/\"]}]},{\"@type\":\"BreadcrumbList\",\"@id\":\"https:\\\/\\\/theluckycapone.org\\\/fr\\\/connexion-et-inscription\\\/#breadcrumb\",\"itemListElement\":[{\"@type\":\"ListItem\",\"position\":1,\"name\":\"Luckycapone\",\"item\":\"https:\\\/\\\/theluckycapone.org\\\/fr\\\/\"},{\"@type\":\"ListItem\",\"position\":2,\"name\":\"Connexion et inscription\"}]},{\"@type\":\"WebSite\",\"@id\":\"https:\\\/\\\/theluckycapone.org\\\/fr\\\/#website\",\"url\":\"https:\\\/\\\/theluckycapone.org\\\/fr\\\/\",\"name\":\"Luckycapone\",\"description\":\"\",\"publisher\":{\"@id\":\"https:\\\/\\\/theluckycapone.org\\\/fr\\\/#organization\"},\"potentialAction\":[{\"@type\":\"SearchAction\",\"target\":{\"@type\":\"EntryPoint\",\"urlTemplate\":\"https:\\\/\\\/theluckycapone.org\\\/fr\\\/?s={search_term_string}\"},\"query-input\":{\"@type\":\"PropertyValueSpecification\",\"valueRequired\":true,\"valueName\":\"search_term_string\"}}],\"inLanguage\":\"fr-FR\"},{\"@type\":\"Organization\",\"@id\":\"https:\\\/\\\/theluckycapone.org\\\/fr\\\/#organization\",\"name\":\"Luckycapone\",\"url\":\"https:\\\/\\\/theluckycapone.org\\\/fr\\\/\",\"logo\":{\"@type\":\"ImageObject\",\"inLanguage\":\"fr-FR\",\"@id\":\"https:\\\/\\\/theluckycapone.org\\\/fr\\\/#\\\/schema\\\/logo\\\/image\\\/\",\"url\":\"https:\\\/\\\/theluckycapone.org\\\/wp-content\\\/uploads\\\/2026\\\/01\\\/logo-luckycapone.png\",\"contentUrl\":\"https:\\\/\\\/theluckycapone.org\\\/wp-content\\\/uploads\\\/2026\\\/01\\\/logo-luckycapone.png\",\"width\":70,\"height\":24,\"caption\":\"Luckycapone\"},\"image\":{\"@id\":\"https:\\\/\\\/theluckycapone.org\\\/fr\\\/#\\\/schema\\\/logo\\\/image\\\/\"}}]}<\/script>\n<!-- \/ Yoast SEO plugin. -->","yoast_head_json":{"title":"Luckycapone Connexion \u2013 Inscription et gestion du compte","description":"Cr\u00e9ez, g\u00e9rez et v\u00e9rifiez facilement votre compte Luckycapone Casino gr\u00e2ce \u00e0 une inscription rapide, une r\u00e9cup\u00e9ration de compte transparente et une fermeture de compte s\u00e9curis\u00e9e, garantissant une protection 24 heures sur 24, 7 jours sur 7 via Luckycapone Login.","robots":{"index":"index","follow":"follow","max-snippet":"max-snippet:-1","max-image-preview":"max-image-preview:large","max-video-preview":"max-video-preview:-1"},"canonical":"https:\/\/theluckycapone.org\/fr\/connexion-et-inscription\/","og_locale":"fr_FR","og_type":"article","og_title":"Luckycapone Connexion \u2013 Inscription et gestion du compte","og_description":"Cr\u00e9ez, g\u00e9rez et v\u00e9rifiez facilement votre compte Luckycapone Casino gr\u00e2ce \u00e0 une inscription rapide, une r\u00e9cup\u00e9ration de compte transparente et une fermeture de compte s\u00e9curis\u00e9e, garantissant une protection 24 heures sur 24, 7 jours sur 7 via Luckycapone Login.","og_url":"https:\/\/theluckycapone.org\/fr\/connexion-et-inscription\/","og_site_name":"luckycapone","article_modified_time":"2026-01-22T08:17:07+00:00","twitter_card":"summary_large_image","twitter_misc":{"Dur\u00e9e de lecture estim\u00e9e":"1 minute"},"schema":{"@context":"https:\/\/schema.org","@graph":[{"@type":"WebPage","@id":"https:\/\/theluckycapone.org\/fr\/connexion-et-inscription\/","url":"https:\/\/theluckycapone.org\/fr\/connexion-et-inscription\/","name":"Luckycapone Connexion \u2013 Inscription et gestion du compte","isPartOf":{"@id":"https:\/\/theluckycapone.org\/fr\/#website"},"datePublished":"2026-01-21T14:10:25+00:00","dateModified":"2026-01-22T08:17:07+00:00","description":"Cr\u00e9ez, g\u00e9rez et v\u00e9rifiez facilement votre compte Luckycapone Casino gr\u00e2ce \u00e0 une inscription rapide, une r\u00e9cup\u00e9ration de compte transparente et une fermeture de compte s\u00e9curis\u00e9e, garantissant une protection 24 heures sur 24, 7 jours sur 7 via Luckycapone Login.","breadcrumb":{"@id":"https:\/\/theluckycapone.org\/fr\/connexion-et-inscription\/#breadcrumb"},"inLanguage":"fr-FR","potentialAction":[{"@type":"ReadAction","target":["https:\/\/theluckycapone.org\/fr\/connexion-et-inscription\/"]}]},{"@type":"BreadcrumbList","@id":"https:\/\/theluckycapone.org\/fr\/connexion-et-inscription\/#breadcrumb","itemListElement":[{"@type":"ListItem","position":1,"name":"Luckycapone","item":"https:\/\/theluckycapone.org\/fr\/"},{"@type":"ListItem","position":2,"name":"Connexion et inscription"}]},{"@type":"WebSite","@id":"https:\/\/theluckycapone.org\/fr\/#website","url":"https:\/\/theluckycapone.org\/fr\/","name":"Luckycapone","description":"","publisher":{"@id":"https:\/\/theluckycapone.org\/fr\/#organization"},"potentialAction":[{"@type":"SearchAction","target":{"@type":"EntryPoint","urlTemplate":"https:\/\/theluckycapone.org\/fr\/?s={search_term_string}"},"query-input":{"@type":"PropertyValueSpecification","valueRequired":true,"valueName":"search_term_string"}}],"inLanguage":"fr-FR"},{"@type":"Organization","@id":"https:\/\/theluckycapone.org\/fr\/#organization","name":"Luckycapone","url":"https:\/\/theluckycapone.org\/fr\/","logo":{"@type":"ImageObject","inLanguage":"fr-FR","@id":"https:\/\/theluckycapone.org\/fr\/#\/schema\/logo\/image\/","url":"https:\/\/theluckycapone.org\/wp-content\/uploads\/2026\/01\/logo-luckycapone.png","contentUrl":"https:\/\/theluckycapone.org\/wp-content\/uploads\/2026\/01\/logo-luckycapone.png","width":70,"height":24,"caption":"Luckycapone"},"image":{"@id":"https:\/\/theluckycapone.org\/fr\/#\/schema\/logo\/image\/"}}]}},"_links":{"self":[{"href":"https:\/\/theluckycapone.org\/fr\/wp-json\/wp\/v2\/pages\/1454","targetHints":{"allow":["GET"]}}],"collection":[{"href":"https:\/\/theluckycapone.org\/fr\/wp-json\/wp\/v2\/pages"}],"about":[{"href":"https:\/\/theluckycapone.org\/fr\/wp-json\/wp\/v2\/types\/page"}],"author":[{"embeddable":true,"href":"https:\/\/theluckycapone.org\/fr\/wp-json\/wp\/v2\/users\/1"}],"replies":[{"embeddable":true,"href":"https:\/\/theluckycapone.org\/fr\/wp-json\/wp\/v2\/comments?post=1454"}],"version-history":[{"count":2,"href":"https:\/\/theluckycapone.org\/fr\/wp-json\/wp\/v2\/pages\/1454\/revisions"}],"predecessor-version":[{"id":1558,"href":"https:\/\/theluckycapone.org\/fr\/wp-json\/wp\/v2\/pages\/1454\/revisions\/1558"}],"wp:attachment":[{"href":"https:\/\/theluckycapone.org\/fr\/wp-json\/wp\/v2\/media?parent=1454"}],"curies":[{"name":"wp","href":"https:\/\/api.w.org\/{rel}","templated":true}]}}