{"id":1419,"date":"2026-01-21T14:07:36","date_gmt":"2026-01-21T14:07:36","guid":{"rendered":"https:\/\/theluckycapone.org\/app\/"},"modified":"2026-01-22T09:24:18","modified_gmt":"2026-01-22T09:24:18","slug":"aplikacja","status":"publish","type":"page","link":"https:\/\/theluckycapone.org\/pl\/aplikacja\/","title":{"rendered":"Aplikacja"},"content":{"rendered":"<h1>Luckycapone App: mobilne kasyno<\/h1>\n<p>Luckycapone app zapewnia pe\u0142ne do\u015bwiadczenie kasyna mobilnego. Automaty online i gry sto\u0142owe s\u0105 dost\u0119pne dla u\u017cytkownik\u00f3w na ca\u0142ym \u015bwiecie. Aplikacja oferuje prosty i bezpieczny spos\u00f3b gry, oparty na najnowszych technologiach. Gracze mog\u0105 cieszy\u0107 si\u0119 swoimi ulubionymi grami wsz\u0119dzie, na dowolnym urz\u0105dzeniu, bez kompromis\u00f3w w jako\u015bci ani wydajno\u015bci.<\/p>\n<div class=\"banner-wrap\" aria-label=\"Banner\"><img src=\"https:\/\/theluckycapone.org\/wp-content\/uploads\/2026\/01\/Luckycapone-banner.webp\" class=\"w-100 d-none d-lg-block img-pc main-banner-img\" alt=\"Luckycapone banner\" fetchpriority=\"high\" decoding=\"async\"><img src=\"https:\/\/theluckycapone.org\/wp-content\/uploads\/2026\/01\/Mobile-banner.webp\" class=\"w-100 d-none d-md-block d-lg-none main-banner-img\" alt=\"Mobile banner\" fetchpriority=\"high\" decoding=\"async\"><img src=\"https:\/\/theluckycapone.org\/wp-content\/uploads\/2026\/01\/Mobile-banner.webp\" class=\"w-100 d-md-none\" alt=\"Mobile banner\" fetchpriority=\"high\" decoding=\"async\"><div class=\"banner-description\">\n<div class=\"banner-title\">Bonusy powitalne<\/div>\n<p class=\"banner-header-title\">1500 \u20ac<\/p>\n<div class=\"banner-header-AdditionalText\">+ 250 Darmowe spiny<\/div>\n<button data-item=\"homepage_banner_link\" class=\"goto m-button m-gradient-border m-button--primary m-button--large banner-button btn-orange\">\n            <div class=\"m-button-content\">\n                <span>Zarejestruj si\u0119 teraz<\/span>\n                <span><\/span>\n            <\/div>\n        <\/button>\n<\/div>\n<div class=\"WelcomePack\">\n<p><img loading=\"lazy\" decoding=\"async\" class=\"alignnone size-full wp-image-1335\" src=\"https:\/\/theluckycapone.org\/wp-content\/uploads\/2026\/01\/welcome-crown.png\" alt=\"welcome crown\" width=\"25\" height=\"26\" \/><\/p>\n<div class=\"WelcomePack-Info\">Cotygodniowy zwrot got\u00f3wki do 25%<\/div>\n<p><img loading=\"lazy\" decoding=\"async\" class=\"alignnone size-full wp-image-1335\" src=\"https:\/\/theluckycapone.org\/wp-content\/uploads\/2026\/01\/welcome-crown.png\" alt=\"welcome crown\" width=\"25\" height=\"26\" \/><\/p>\n<\/div>\n<\/div>\n<h2>Platforma mobilna Luckycapone<\/h2>\n<p>Aplikacja Luckycapone zapewnia wysokiej jako\u015bci do\u015bwiadczenie mobilne dzi\u0119ki szybkiemu dzia\u0142aniu, silnym zabezpieczeniom i intuicyjnemu interfejsowi. Mobilny interfejs poprawia czas \u0142adowania, grafik\u0119 i rozgrywk\u0119 w por\u00f3wnaniu z przegl\u0105dark\u0105. Gracze mog\u0105 szybko uzyska\u0107 dost\u0119p do wp\u0142at, wyp\u0142at, promocji i wsparcia klienta, co umo\u017cliwia nieprzerwan\u0105 gr\u0119.<\/p>\n<p>Wysokowydajna struktura aplikacji zmniejsza op\u00f3\u017anienia i zapewnia solidne zabezpieczenia, daj\u0105c graczom pewno\u015b\u0107 podczas transakcji i gry. Luckycapone Casino regularnie dodaje nowe funkcje i poprawia luki w zabezpieczeniach, aby zapewni\u0107 nowoczesne i wysokiej jako\u015bci do\u015bwiadczenie mobilne.<\/p>\n<p><div class=\"scrollable-content-wrap my-5\"><div class=\"scrollable-content-inner\"><h2>Mobilna aplikacja Luckycapone na Androida<\/h2>\n<p>Wersja Android aplikacji Luckycapone zosta\u0142a zaprojektowana tak, aby dostarczy\u0107 wysokiej jako\u015bci rozgrywk\u0119 przy minimalnym pobraniu. Wykorzystuje Progressive Web Application (PWA), co pozwala graczom szybko zainstalowa\u0107 kasyno na swoich urz\u0105dzeniach w kilka minut poprzez oficjaln\u0105 stron\u0119.<\/p>\n<h3>APK<\/h3>\n<p>Pliki APK by\u0142y kiedy\u015b najpopularniejszym sposobem instalacji oprogramowania kasynowego na urz\u0105dzeniach mobilnych, jednak PWAs zmieni\u0142y ten standard. APK trzeba pobiera\u0107 i aktualizowa\u0107 r\u0119cznie, co mo\u017ce by\u0107 mniej bezpieczne i trudniejsze do utrzymania aktualno\u015bci. Gracze mog\u0105 zawsze korzysta\u0107 z najnowszej wersji kasyna mobilnego poprzez aplikacj\u0119 Luckycapone Android (PWA) bez potrzeby r\u0119cznej aktualizacji, co zapewnia bezpiecze\u0144stwo i p\u0142ynne dzia\u0142anie.<\/p>\n<h3>PWA<\/h3>\n<p>Luckycapone Android PWA jest \u0142atwa w instalacji i mo\u017ce by\u0107 u\u017cywana na dowolnym urz\u0105dzeniu. Gracze mog\u0105 znale\u017a\u0107 opcj\u0119 \u201eAplikacja kasyna\u201d na stronie g\u0142\u00f3wnej, wykona\u0107 proste kroki i doda\u0107 aplikacj\u0119 do ekranu g\u0142\u00f3wnego. Ikona aplikacji znajduje si\u0119 w menu, co u\u0142atwia dost\u0119p do ca\u0142ej kolekcji gier i narz\u0119dzi zarz\u0105dzania kontem.<\/p>\n<p>Aplikacja Luckycapone dzia\u0142a na wszystkich platformach, w tym na smartfonach i tabletach. Posiada przyjazny dla dotyku interfejs, dzia\u0142aj\u0105cy na ka\u017cdym rozmiarze ekranu, co zapewnia p\u0142ynne i responsywne do\u015bwiadczenie podobne do natywnych aplikacji.<\/p>\n<p><img loading=\"lazy\" decoding=\"async\" src=\"https:\/\/theluckycapone.org\/wp-content\/uploads\/2026\/01\/Luckycapone-Android.webp\" alt=\"Luckycapone Android\" width=\"1248\" height=\"536\" \/><\/p>\n<\/div><\/div><div style=\"clear: both\"><\/div><div class=\"d-flex justify-content-center\"><button data-item=\"decouvrez_link\" data-group=\"website_links\" class=\"goto fw-bold rounded-pill btn btn-orange\" aria-label=\"Pobierz aplikacj\u0119 Luckycapone\" >Pobierz aplikacj\u0119 Luckycapone<\/button><\/div><div class=\"scrollable-content-wrap my-5\"><div class=\"scrollable-content-inner\"><h2>Mobilna aplikacja Luckycapone na iOS<\/h2>\n<p>Webowa PWA Luckycapone, w pe\u0142ni zoptymalizowana pod Safari, umo\u017cliwia u\u017cytkownikom iOS korzystanie z takiego samego do\u015bwiadczenia gry. Aby j\u0105 zainstalowa\u0107, wystarczy wej\u015b\u0107 na stron\u0119 g\u0142\u00f3wn\u0105 kasyna, klikn\u0105\u0107 przycisk \u201eZainstaluj\u201d i doda\u0107 aplikacj\u0119 do ekranu g\u0142\u00f3wnego. Tworzy to bezpieczne i lekkie \u015brodowisko zgodne z zasadami Apple.<\/p>\n<p>Wersja na iOS ma prosty uk\u0142ad z wi\u0119kszymi przyciskami i obs\u0142ug\u0105 gest\u00f3w przesuwania, co u\u0142atwia nawigacj\u0119. Gracze otrzymuj\u0105 powiadomienia push dotycz\u0105ce bonus\u00f3w, nowych gier i specjalnych ofert.<\/p>\n<p>Zalety Luckycapone PWA:<\/p>\n<ul>\n<li>Pe\u0142ne bezpiecze\u0144stwo, bez potrzeby pobierania dodatkowych plik\u00f3w<\/li>\n<li>Brak konieczno\u015bci wyszukiwania plik\u00f3w APK<\/li>\n<li>Brak ogranicze\u0144 ze strony Google Play czy App Store<\/li>\n<li>Minimalny wp\u0142yw na bateri\u0119 urz\u0105dzenia<\/li>\n<\/ul>\n<p><img loading=\"lazy\" decoding=\"async\" src=\"https:\/\/theluckycapone.org\/wp-content\/uploads\/2026\/01\/Luckycapone-iOS.webp\" alt=\"Luckycapone iOS\" width=\"1248\" height=\"536\" \/><\/p>\n<\/div><\/div><div style=\"clear: both\"><\/div><div class=\"d-flex justify-content-center\"><button data-item=\"decouvrez_link\" data-group=\"website_links\" class=\"goto fw-bold rounded-pill btn btn-orange\" aria-label=\"Pobierz Luckycapone\" >Pobierz Luckycapone<\/button><\/div><div class=\"scrollable-content-wrap my-5\"><div class=\"scrollable-content-inner\"><h2>Pobieranie aplikacji na Windows i macOS<\/h2>\n<p>Luckycapone oferuje oprogramowanie desktopowe dla graczy, kt\u00f3rzy wol\u0105 gra\u0107 na komputerach. Aplikacja dzia\u0142a zar\u00f3wno na Windows, jak i macOS. Wersja desktopowa oferuje ulepszony interfejs, lepsz\u0105 grafik\u0119 i d\u017awi\u0119k, a tak\u017ce jest zoptymalizowana pod k\u0105tem szybkiej i stabilnej wydajno\u015bci. Zawiera wszystkie istotne funkcje, takie jak obs\u0142uga klienta i weryfikacja konta.<\/p>\n<p>Gracze mog\u0105 r\u00f3wnie\u017c korzysta\u0107 z przegl\u0105darek Google Chrome, Mozilla Firefox, Safari oraz Microsoft Edge, aby uzyska\u0107 dost\u0119p do Luckycapone Casino. Ta elastyczno\u015b\u0107 pozwala na tak\u0105 sam\u0105 jako\u015b\u0107 rozgrywki zar\u00f3wno na komputerach stacjonarnych, jak i laptopach.<\/p>\n<table>\n<tbody>\n<tr>\n<td>Zalety<\/td>\n<td>Wady<\/td>\n<\/tr>\n<tr>\n<td>Mo\u017cliwo\u015b\u0107 uruchomienia bezpo\u015brednio z przegl\u0105darki, bez instalacji, zapewniaj\u0105ca szybki dost\u0119p do biblioteki gier.<\/td>\n<td>Wymaga po\u0142\u0105czenia z internetem do gry; nie dzia\u0142a w pe\u0142ni offline.<\/td>\n<\/tr>\n<tr>\n<td>Instalacja trwa mniej ni\u017c trzy minuty poprzez stron\u0119 internetow\u0105; nie trzeba pobiera\u0107 du\u017cych plik\u00f3w ani odwiedza\u0107 sklep\u00f3w z aplikacjami.<\/td>\n<td>Wydajno\u015b\u0107 i stabilno\u015b\u0107 zale\u017c\u0105 od przegl\u0105darki; niekt\u00f3re przegl\u0105darki mog\u0105 nie obs\u0142ugiwa\u0107 wszystkich funkcji PWA w pe\u0142ni.<\/td>\n<\/tr>\n<tr>\n<td>Zawsze dzia\u0142a w najnowszej wersji bez r\u0119cznych aktualizacji, co zapewnia bezpiecze\u0144stwo i dost\u0119p do nowych funkcji.<\/td>\n<td>Powiadomienia push mog\u0105 mie\u0107 ograniczenia w niekt\u00f3rych przegl\u0105darkach lub na niekt\u00f3rych urz\u0105dzeniach.<\/td>\n<\/tr>\n<tr>\n<td>P\u0142ynne dzia\u0142anie na r\u00f3\u017cnych urz\u0105dzeniach i systemach operacyjnych, w tym Android i iOS przez Safari.<\/td>\n<td>Wydajno\u015b\u0107 mo\u017ce r\u00f3\u017cni\u0107 si\u0119 w zale\u017cno\u015bci od przegl\u0105darki i urz\u0105dzenia i mo\u017ce by\u0107 mniej p\u0142ynna ni\u017c w przypadku natywnych aplikacji.<\/td>\n<\/tr>\n<tr>\n<td>Nie zajmuje du\u017co miejsca na urz\u0105dzeniu w por\u00f3wnaniu z natywnymi aplikacjami.<\/td>\n<td><\/td>\n<\/tr>\n<tr>\n<td>Korzysta z protoko\u0142\u00f3w bezpiecze\u0144stwa przegl\u0105darki i regularnych aktualizacji, co zmniejsza ryzyko podatno\u015bci.<\/td>\n<td><\/td>\n<\/tr>\n<\/tbody>\n<\/table>\n<p><img loading=\"lazy\" decoding=\"async\" src=\"https:\/\/theluckycapone.org\/wp-content\/uploads\/2026\/01\/Luckycapone-Desktop.webp\" alt=\"Luckycapone Desktop\" width=\"1248\" height=\"536\" \/><\/p>\n<\/div><\/div><div style=\"clear: both\"><\/div><div class=\"d-flex justify-content-center\"><button data-item=\"decouvrez_link\" data-group=\"website_links\" class=\"goto fw-bold rounded-pill btn btn-orange\" aria-label=\"Pobierz aplikacj\u0119 Luckycapone\" >Pobierz aplikacj\u0119 Luckycapone<\/button><\/div><div class=\"scrollable-content-wrap my-5\"><div class=\"scrollable-content-inner\"><h2>FAQ<\/h2>\n<h3>Czy aplikacja Luckycapone Casino oferuje wsparcie klienta?<\/h3>\n<p>Luckycapone Casino zapewnia pe\u0142ne wsparcie klienta poprzez czat na \u017cywo, dost\u0119pny zar\u00f3wno w aplikacji, jak i na oficjalnej stronie internetowej. Zesp\u00f3\u0142 wsparcia jest dost\u0119pny 24\/7, pomagaj\u0105c w problemach technicznych, weryfikacji konta oraz innych zapytaniach, co gwarantuje p\u0142ynn\u0105 i bezproblemow\u0105 rozgrywk\u0119.<\/p>\n<h3>Czy konieczne jest za\u0142o\u017cenie konta, aby korzysta\u0107 z aplikacji Luckycapone?<\/h3>\n<p>Aby uzyska\u0107 dost\u0119p do wszystkich funkcji, w tym wp\u0142at, wyp\u0142at i historii gier, gracze musz\u0105 utworzy\u0107 konto. Dost\u0119pna jest tak\u017ce wersja demo do \u0107wicze\u0144. Rejestracja i weryfikacja przebiegaj\u0105 szybko i bezpiecznie, chroni\u0105c dane graczy i zapewniaj\u0105c wygodny dost\u0119p do wszystkich us\u0142ug kasyna.<\/p>\n<h3>Czy wszystkie gry s\u0105 dost\u0119pne w aplikacji Luckycapone?<\/h3>\n<p>Wi\u0119kszo\u015b\u0107 automat\u00f3w online i gier kasynowych dost\u0119pnych w Luckycapone mo\u017cna gra\u0107 poprzez aplikacj\u0119. Niekt\u00f3re funkcje lub gry mog\u0105 by\u0107 dost\u0119pne tylko w wersji desktopowej lub webowej, jednak aplikacja mobilna oferuje obszern\u0105 bibliotek\u0119 gier dla wi\u0119kszo\u015bci graczy.<\/p>\n<h3>Jak zaktualizowa\u0107 aplikacj\u0119 Luckycapone Casino?<\/h3>\n<p>Aplikacja Luckycapone aktualizuje si\u0119 automatycznie poprzez system PWA, eliminuj\u0105c potrzeb\u0119 r\u0119cznych aktualizacji. Uzyskuj\u0105c dost\u0119p do aplikacji przez przegl\u0105dark\u0119 lub ikon\u0119 na urz\u0105dzeniu, zawsze masz najnowsz\u0105 wersj\u0119, z nowymi funkcjami i poprawkami bezpiecze\u0144stwa. Aktualizacje oprogramowania desktopowego r\u00f3wnie\u017c s\u0105 obs\u0142ugiwane automatycznie przez Luckycapone Casino.<\/p>\n<\/div><\/div><\/p>\n","protected":false},"excerpt":{"rendered":"<p>Luckycapone App: mobilne kasyno Luckycapone app zapewnia pe\u0142ne do\u015bwiadczenie kasyna mobilnego. Automaty online i gry sto\u0142owe s\u0105 dost\u0119pne dla u\u017cytkownik\u00f3w na ca\u0142ym \u015bwiecie. Aplikacja oferuje prosty i bezpieczny spos\u00f3b gry, oparty na najnowszych technologiach. Gracze mog\u0105 cieszy\u0107 si\u0119 swoimi ulubionymi grami wsz\u0119dzie, na dowolnym urz\u0105dzeniu, bez kompromis\u00f3w w jako\u015bci ani wydajno\u015bci. Platforma mobilna Luckycapone Aplikacja [&hellip;]<\/p>\n","protected":false},"author":1,"featured_media":0,"parent":0,"menu_order":0,"comment_status":"closed","ping_status":"closed","template":"template-builder.php","meta":{"_acf_changed":false,"inline_featured_image":false,"footnotes":""},"class_list":["post-1419","page","type-page","status-publish","hentry"],"acf":[],"yoast_head":"<!-- This site is optimized with the Yoast SEO plugin v27.3 - https:\/\/yoast.com\/product\/yoast-seo-wordpress\/ -->\n<title>Luckycapone app Pobieranie | iOS i Android<\/title>\n<meta name=\"description\" content=\"Aplikacja Luckycapone zapewnia p\u0142ynn\u0105 rozgrywk\u0119 na platformach Android, iOS, Windows i macOS, wraz z synchronizacj\u0105 kont, regularnymi aktualizacjami i wbudowan\u0105 pomoc\u0105 techniczn\u0105 dla u\u017cytkownik\u00f3w, co zapewnia \u0142atwo\u015b\u0107 obs\u0142ugi.\" \/>\n<meta name=\"robots\" content=\"index, follow, max-snippet:-1, max-image-preview:large, max-video-preview:-1\" \/>\n<link rel=\"canonical\" href=\"https:\/\/theluckycapone.org\/pl\/aplikacja\/\" \/>\n<meta property=\"og:locale\" content=\"pl_PL\" \/>\n<meta property=\"og:type\" content=\"article\" \/>\n<meta property=\"og:title\" content=\"Luckycapone app Pobieranie | iOS i Android\" \/>\n<meta property=\"og:description\" content=\"Aplikacja Luckycapone zapewnia p\u0142ynn\u0105 rozgrywk\u0119 na platformach Android, iOS, Windows i macOS, wraz z synchronizacj\u0105 kont, regularnymi aktualizacjami i wbudowan\u0105 pomoc\u0105 techniczn\u0105 dla u\u017cytkownik\u00f3w, co zapewnia \u0142atwo\u015b\u0107 obs\u0142ugi.\" \/>\n<meta property=\"og:url\" content=\"https:\/\/theluckycapone.org\/pl\/aplikacja\/\" \/>\n<meta property=\"og:site_name\" content=\"luckycapone\" \/>\n<meta property=\"article:modified_time\" content=\"2026-01-22T09:24:18+00:00\" \/>\n<meta name=\"twitter:card\" content=\"summary_large_image\" \/>\n<meta name=\"twitter:label1\" content=\"Est. reading time\" \/>\n\t<meta name=\"twitter:data1\" content=\"1 minuta\" \/>\n<script type=\"application\/ld+json\" class=\"yoast-schema-graph\">{\"@context\":\"https:\\\/\\\/schema.org\",\"@graph\":[{\"@type\":\"WebPage\",\"@id\":\"https:\\\/\\\/theluckycapone.org\\\/pl\\\/aplikacja\\\/\",\"url\":\"https:\\\/\\\/theluckycapone.org\\\/pl\\\/aplikacja\\\/\",\"name\":\"Luckycapone app Pobieranie | iOS i Android\",\"isPartOf\":{\"@id\":\"https:\\\/\\\/theluckycapone.org\\\/pl\\\/#website\"},\"datePublished\":\"2026-01-21T14:07:36+00:00\",\"dateModified\":\"2026-01-22T09:24:18+00:00\",\"description\":\"Aplikacja Luckycapone zapewnia p\u0142ynn\u0105 rozgrywk\u0119 na platformach Android, iOS, Windows i macOS, wraz z synchronizacj\u0105 kont, regularnymi aktualizacjami i wbudowan\u0105 pomoc\u0105 techniczn\u0105 dla u\u017cytkownik\u00f3w, co zapewnia \u0142atwo\u015b\u0107 obs\u0142ugi.\",\"breadcrumb\":{\"@id\":\"https:\\\/\\\/theluckycapone.org\\\/pl\\\/aplikacja\\\/#breadcrumb\"},\"inLanguage\":\"pl-PL\",\"potentialAction\":[{\"@type\":\"ReadAction\",\"target\":[\"https:\\\/\\\/theluckycapone.org\\\/pl\\\/aplikacja\\\/\"]}]},{\"@type\":\"BreadcrumbList\",\"@id\":\"https:\\\/\\\/theluckycapone.org\\\/pl\\\/aplikacja\\\/#breadcrumb\",\"itemListElement\":[{\"@type\":\"ListItem\",\"position\":1,\"name\":\"Luckycapone\",\"item\":\"https:\\\/\\\/theluckycapone.org\\\/pl\\\/\"},{\"@type\":\"ListItem\",\"position\":2,\"name\":\"Aplikacja\"}]},{\"@type\":\"WebSite\",\"@id\":\"https:\\\/\\\/theluckycapone.org\\\/pl\\\/#website\",\"url\":\"https:\\\/\\\/theluckycapone.org\\\/pl\\\/\",\"name\":\"Luckycapone\",\"description\":\"\",\"publisher\":{\"@id\":\"https:\\\/\\\/theluckycapone.org\\\/pl\\\/#organization\"},\"potentialAction\":[{\"@type\":\"SearchAction\",\"target\":{\"@type\":\"EntryPoint\",\"urlTemplate\":\"https:\\\/\\\/theluckycapone.org\\\/pl\\\/?s={search_term_string}\"},\"query-input\":{\"@type\":\"PropertyValueSpecification\",\"valueRequired\":true,\"valueName\":\"search_term_string\"}}],\"inLanguage\":\"pl-PL\"},{\"@type\":\"Organization\",\"@id\":\"https:\\\/\\\/theluckycapone.org\\\/pl\\\/#organization\",\"name\":\"Luckycapone\",\"url\":\"https:\\\/\\\/theluckycapone.org\\\/pl\\\/\",\"logo\":{\"@type\":\"ImageObject\",\"inLanguage\":\"pl-PL\",\"@id\":\"https:\\\/\\\/theluckycapone.org\\\/pl\\\/#\\\/schema\\\/logo\\\/image\\\/\",\"url\":\"https:\\\/\\\/theluckycapone.org\\\/wp-content\\\/uploads\\\/2026\\\/01\\\/logo-luckycapone.png\",\"contentUrl\":\"https:\\\/\\\/theluckycapone.org\\\/wp-content\\\/uploads\\\/2026\\\/01\\\/logo-luckycapone.png\",\"width\":70,\"height\":24,\"caption\":\"Luckycapone\"},\"image\":{\"@id\":\"https:\\\/\\\/theluckycapone.org\\\/pl\\\/#\\\/schema\\\/logo\\\/image\\\/\"}}]}<\/script>\n<!-- \/ Yoast SEO plugin. -->","yoast_head_json":{"title":"Luckycapone app Pobieranie | iOS i Android","description":"Aplikacja Luckycapone zapewnia p\u0142ynn\u0105 rozgrywk\u0119 na platformach Android, iOS, Windows i macOS, wraz z synchronizacj\u0105 kont, regularnymi aktualizacjami i wbudowan\u0105 pomoc\u0105 techniczn\u0105 dla u\u017cytkownik\u00f3w, co zapewnia \u0142atwo\u015b\u0107 obs\u0142ugi.","robots":{"index":"index","follow":"follow","max-snippet":"max-snippet:-1","max-image-preview":"max-image-preview:large","max-video-preview":"max-video-preview:-1"},"canonical":"https:\/\/theluckycapone.org\/pl\/aplikacja\/","og_locale":"pl_PL","og_type":"article","og_title":"Luckycapone app Pobieranie | iOS i Android","og_description":"Aplikacja Luckycapone zapewnia p\u0142ynn\u0105 rozgrywk\u0119 na platformach Android, iOS, Windows i macOS, wraz z synchronizacj\u0105 kont, regularnymi aktualizacjami i wbudowan\u0105 pomoc\u0105 techniczn\u0105 dla u\u017cytkownik\u00f3w, co zapewnia \u0142atwo\u015b\u0107 obs\u0142ugi.","og_url":"https:\/\/theluckycapone.org\/pl\/aplikacja\/","og_site_name":"luckycapone","article_modified_time":"2026-01-22T09:24:18+00:00","twitter_card":"summary_large_image","twitter_misc":{"Est. reading time":"1 minuta"},"schema":{"@context":"https:\/\/schema.org","@graph":[{"@type":"WebPage","@id":"https:\/\/theluckycapone.org\/pl\/aplikacja\/","url":"https:\/\/theluckycapone.org\/pl\/aplikacja\/","name":"Luckycapone app Pobieranie | iOS i Android","isPartOf":{"@id":"https:\/\/theluckycapone.org\/pl\/#website"},"datePublished":"2026-01-21T14:07:36+00:00","dateModified":"2026-01-22T09:24:18+00:00","description":"Aplikacja Luckycapone zapewnia p\u0142ynn\u0105 rozgrywk\u0119 na platformach Android, iOS, Windows i macOS, wraz z synchronizacj\u0105 kont, regularnymi aktualizacjami i wbudowan\u0105 pomoc\u0105 techniczn\u0105 dla u\u017cytkownik\u00f3w, co zapewnia \u0142atwo\u015b\u0107 obs\u0142ugi.","breadcrumb":{"@id":"https:\/\/theluckycapone.org\/pl\/aplikacja\/#breadcrumb"},"inLanguage":"pl-PL","potentialAction":[{"@type":"ReadAction","target":["https:\/\/theluckycapone.org\/pl\/aplikacja\/"]}]},{"@type":"BreadcrumbList","@id":"https:\/\/theluckycapone.org\/pl\/aplikacja\/#breadcrumb","itemListElement":[{"@type":"ListItem","position":1,"name":"Luckycapone","item":"https:\/\/theluckycapone.org\/pl\/"},{"@type":"ListItem","position":2,"name":"Aplikacja"}]},{"@type":"WebSite","@id":"https:\/\/theluckycapone.org\/pl\/#website","url":"https:\/\/theluckycapone.org\/pl\/","name":"Luckycapone","description":"","publisher":{"@id":"https:\/\/theluckycapone.org\/pl\/#organization"},"potentialAction":[{"@type":"SearchAction","target":{"@type":"EntryPoint","urlTemplate":"https:\/\/theluckycapone.org\/pl\/?s={search_term_string}"},"query-input":{"@type":"PropertyValueSpecification","valueRequired":true,"valueName":"search_term_string"}}],"inLanguage":"pl-PL"},{"@type":"Organization","@id":"https:\/\/theluckycapone.org\/pl\/#organization","name":"Luckycapone","url":"https:\/\/theluckycapone.org\/pl\/","logo":{"@type":"ImageObject","inLanguage":"pl-PL","@id":"https:\/\/theluckycapone.org\/pl\/#\/schema\/logo\/image\/","url":"https:\/\/theluckycapone.org\/wp-content\/uploads\/2026\/01\/logo-luckycapone.png","contentUrl":"https:\/\/theluckycapone.org\/wp-content\/uploads\/2026\/01\/logo-luckycapone.png","width":70,"height":24,"caption":"Luckycapone"},"image":{"@id":"https:\/\/theluckycapone.org\/pl\/#\/schema\/logo\/image\/"}}]}},"_links":{"self":[{"href":"https:\/\/theluckycapone.org\/pl\/wp-json\/wp\/v2\/pages\/1419","targetHints":{"allow":["GET"]}}],"collection":[{"href":"https:\/\/theluckycapone.org\/pl\/wp-json\/wp\/v2\/pages"}],"about":[{"href":"https:\/\/theluckycapone.org\/pl\/wp-json\/wp\/v2\/types\/page"}],"author":[{"embeddable":true,"href":"https:\/\/theluckycapone.org\/pl\/wp-json\/wp\/v2\/users\/1"}],"replies":[{"embeddable":true,"href":"https:\/\/theluckycapone.org\/pl\/wp-json\/wp\/v2\/comments?post=1419"}],"version-history":[{"count":2,"href":"https:\/\/theluckycapone.org\/pl\/wp-json\/wp\/v2\/pages\/1419\/revisions"}],"predecessor-version":[{"id":1753,"href":"https:\/\/theluckycapone.org\/pl\/wp-json\/wp\/v2\/pages\/1419\/revisions\/1753"}],"wp:attachment":[{"href":"https:\/\/theluckycapone.org\/pl\/wp-json\/wp\/v2\/media?parent=1419"}],"curies":[{"name":"wp","href":"https:\/\/api.w.org\/{rel}","templated":true}]}}